{"id":13862,"date":"2025-10-21T16:09:47","date_gmt":"2025-10-21T14:09:47","guid":{"rendered":"https:\/\/www.ors-na-bruma.fr\/?post_type=product&#038;p=13862"},"modified":"2025-10-21T16:12:54","modified_gmt":"2025-10-21T14:12:54","slug":"liqueur-de-cassis-30","status":"publish","type":"product","link":"https:\/\/www.ors-na-bruma.fr\/en\/product\/liqueur-de-cassis-30","title":{"rendered":"Liqueur de Cassis (30%)"},"content":{"rendered":"<p><strong>Un grand classique !<\/strong><br \/>\nNous utilisons le cassis de notre ferme pour vous concocter une liqueur \u00e0 l&#8217;ar\u00f4me intense. A d\u00e9guster frapp\u00e9e telle quelle ou en cocktail !<\/p>\n<p><strong>Ingr\u00e9dients<\/strong><br \/>\nAlcool, eau, cassis de la ferme, sucre.<\/p>\n<p><strong>Contenance<\/strong><br \/>\nDisponible uniquement en 50 cl.<\/p>\n<p><strong>\u00a0<\/strong><\/p>","protected":false},"excerpt":{"rendered":"<p>This is a simple product.<\/p>","protected":false},"featured_media":13856,"template":"","meta":[],"product_brand":[],"product_cat":[19],"product_tag":[],"class_list":{"0":"post-13862","1":"product","2":"type-product","3":"status-publish","4":"has-post-thumbnail","6":"product_cat-liqueurs-aperitifs-digestifs","8":"first","9":"instock","10":"taxable","11":"shipping-taxable","12":"purchasable","13":"product-type-variable"},"yoast_head":"<!-- This site is optimized with the Yoast SEO plugin v27.6 - https:\/\/yoast.com\/product\/yoast-seo-wordpress\/ -->\n<title>Liqueur de Cassis (30%) - Ors na Bruma<\/title>\n<meta name=\"description\" content=\"Un grand classique ! Nous utilisons le cassis de notre ferme pour vous concocter une liqueur \u00e0 l&#039;ar\u00f4me intense. A d\u00e9guster frapp\u00e9e telle quelle ou en cocktail !\" \/>\n<meta name=\"robots\" content=\"index, follow, max-snippet:-1, max-image-preview:large, max-video-preview:-1\" \/>\n<link rel=\"canonical\" href=\"https:\/\/www.ors-na-bruma.fr\/en\/product\/liqueur-de-cassis-30\/\" \/>\n<meta property=\"og:locale\" content=\"en_GB\" \/>\n<meta property=\"og:type\" content=\"article\" \/>\n<meta property=\"og:title\" content=\"Liqueur de Cassis (30%) - Ors na Bruma\" \/>\n<meta property=\"og:description\" content=\"Un grand classique ! Nous utilisons le cassis de notre ferme pour vous concocter une liqueur \u00e0 l&#039;ar\u00f4me intense. A d\u00e9guster frapp\u00e9e telle quelle ou en cocktail !\" \/>\n<meta property=\"og:url\" content=\"https:\/\/www.ors-na-bruma.fr\/en\/product\/liqueur-de-cassis-30\/\" \/>\n<meta property=\"og:site_name\" content=\"Ors na Bruma\" \/>\n<meta property=\"article:modified_time\" content=\"2025-10-21T14:12:54+00:00\" \/>\n<meta property=\"og:image\" content=\"https:\/\/www.ors-na-bruma.fr\/wp-content\/uploads\/2025\/10\/08-Cassis-MES.jpg\" \/>\n\t<meta property=\"og:image:width\" content=\"1200\" \/>\n\t<meta property=\"og:image:height\" content=\"800\" \/>\n\t<meta property=\"og:image:type\" content=\"image\/jpeg\" \/>\n<meta name=\"twitter:card\" content=\"summary_large_image\" \/>\n<meta name=\"twitter:label1\" content=\"Estimated reading time\" \/>\n\t<meta name=\"twitter:data1\" content=\"1 minute\" \/>\n<script type=\"application\/ld+json\" class=\"yoast-schema-graph\">{\"@context\":\"https:\\\/\\\/schema.org\",\"@graph\":[{\"@type\":\"WebPage\",\"@id\":\"https:\\\/\\\/www.ors-na-bruma.fr\\\/produit\\\/liqueur-de-cassis-30\",\"url\":\"https:\\\/\\\/www.ors-na-bruma.fr\\\/produit\\\/liqueur-de-cassis-30\",\"name\":\"Liqueur de Cassis (30%) - Ors na Bruma\",\"isPartOf\":{\"@id\":\"https:\\\/\\\/www.ors-na-bruma.fr\\\/#website\"},\"primaryImageOfPage\":{\"@id\":\"https:\\\/\\\/www.ors-na-bruma.fr\\\/produit\\\/liqueur-de-cassis-30#primaryimage\"},\"image\":{\"@id\":\"https:\\\/\\\/www.ors-na-bruma.fr\\\/produit\\\/liqueur-de-cassis-30#primaryimage\"},\"thumbnailUrl\":\"https:\\\/\\\/www.ors-na-bruma.fr\\\/wp-content\\\/uploads\\\/2025\\\/10\\\/08-Cassis-MES.jpg\",\"datePublished\":\"2025-10-21T14:09:47+00:00\",\"dateModified\":\"2025-10-21T14:12:54+00:00\",\"description\":\"Un grand classique ! Nous utilisons le cassis de notre ferme pour vous concocter une liqueur \u00e0 l'ar\u00f4me intense. A d\u00e9guster frapp\u00e9e telle quelle ou en cocktail !\",\"breadcrumb\":{\"@id\":\"https:\\\/\\\/www.ors-na-bruma.fr\\\/produit\\\/liqueur-de-cassis-30#breadcrumb\"},\"inLanguage\":\"en-GB\",\"potentialAction\":[{\"@type\":\"ReadAction\",\"target\":[\"https:\\\/\\\/www.ors-na-bruma.fr\\\/produit\\\/liqueur-de-cassis-30\"]}]},{\"@type\":\"ImageObject\",\"inLanguage\":\"en-GB\",\"@id\":\"https:\\\/\\\/www.ors-na-bruma.fr\\\/produit\\\/liqueur-de-cassis-30#primaryimage\",\"url\":\"https:\\\/\\\/www.ors-na-bruma.fr\\\/wp-content\\\/uploads\\\/2025\\\/10\\\/08-Cassis-MES.jpg\",\"contentUrl\":\"https:\\\/\\\/www.ors-na-bruma.fr\\\/wp-content\\\/uploads\\\/2025\\\/10\\\/08-Cassis-MES.jpg\",\"width\":1200,\"height\":800,\"caption\":\"08 Cassis MES\"},{\"@type\":\"BreadcrumbList\",\"@id\":\"https:\\\/\\\/www.ors-na-bruma.fr\\\/produit\\\/liqueur-de-cassis-30#breadcrumb\",\"itemListElement\":[{\"@type\":\"ListItem\",\"position\":1,\"name\":\"Accueil\",\"item\":\"https:\\\/\\\/www.ors-na-bruma.fr\\\/\"},{\"@type\":\"ListItem\",\"position\":2,\"name\":\"Boutique\",\"item\":\"https:\\\/\\\/www.ors-na-bruma.fr\\\/boutique\"},{\"@type\":\"ListItem\",\"position\":3,\"name\":\"Liqueur de Cassis (30%)\"}]},{\"@type\":\"WebSite\",\"@id\":\"https:\\\/\\\/www.ors-na-bruma.fr\\\/#website\",\"url\":\"https:\\\/\\\/www.ors-na-bruma.fr\\\/\",\"name\":\"Ors na Bruma\",\"description\":\"Ferme &amp; Distellerie en Val d&#039;Azun\",\"publisher\":{\"@id\":\"https:\\\/\\\/www.ors-na-bruma.fr\\\/#organization\"},\"potentialAction\":[{\"@type\":\"SearchAction\",\"target\":{\"@type\":\"EntryPoint\",\"urlTemplate\":\"https:\\\/\\\/www.ors-na-bruma.fr\\\/?s={search_term_string}\"},\"query-input\":{\"@type\":\"PropertyValueSpecification\",\"valueRequired\":true,\"valueName\":\"search_term_string\"}}],\"inLanguage\":\"en-GB\"},{\"@type\":\"Organization\",\"@id\":\"https:\\\/\\\/www.ors-na-bruma.fr\\\/#organization\",\"name\":\"Ors na Bruma\",\"url\":\"https:\\\/\\\/www.ors-na-bruma.fr\\\/\",\"logo\":{\"@type\":\"ImageObject\",\"inLanguage\":\"en-GB\",\"@id\":\"https:\\\/\\\/www.ors-na-bruma.fr\\\/#\\\/schema\\\/logo\\\/image\\\/\",\"url\":\"https:\\\/\\\/www.ors-na-bruma.fr\\\/wp-content\\\/uploads\\\/2021\\\/09\\\/ODB_LOGO_ORANGE_SANSBRUME.png\",\"contentUrl\":\"https:\\\/\\\/www.ors-na-bruma.fr\\\/wp-content\\\/uploads\\\/2021\\\/09\\\/ODB_LOGO_ORANGE_SANSBRUME.png\",\"width\":2000,\"height\":2000,\"caption\":\"Ors na Bruma\"},\"image\":{\"@id\":\"https:\\\/\\\/www.ors-na-bruma.fr\\\/#\\\/schema\\\/logo\\\/image\\\/\"}}]}<\/script>\n<!-- \/ Yoast SEO plugin. -->","yoast_head_json":{"title":"Liqueur de Cassis (30%) - Ors na Bruma","description":"Un grand classique ! Nous utilisons le cassis de notre ferme pour vous concocter une liqueur \u00e0 l'ar\u00f4me intense. A d\u00e9guster frapp\u00e9e telle quelle ou en cocktail !","robots":{"index":"index","follow":"follow","max-snippet":"max-snippet:-1","max-image-preview":"max-image-preview:large","max-video-preview":"max-video-preview:-1"},"canonical":"https:\/\/www.ors-na-bruma.fr\/en\/product\/liqueur-de-cassis-30\/","og_locale":"en_GB","og_type":"article","og_title":"Liqueur de Cassis (30%) - Ors na Bruma","og_description":"Un grand classique ! Nous utilisons le cassis de notre ferme pour vous concocter une liqueur \u00e0 l'ar\u00f4me intense. A d\u00e9guster frapp\u00e9e telle quelle ou en cocktail !","og_url":"https:\/\/www.ors-na-bruma.fr\/en\/product\/liqueur-de-cassis-30\/","og_site_name":"Ors na Bruma","article_modified_time":"2025-10-21T14:12:54+00:00","og_image":[{"width":1200,"height":800,"url":"https:\/\/www.ors-na-bruma.fr\/wp-content\/uploads\/2025\/10\/08-Cassis-MES.jpg","type":"image\/jpeg"}],"twitter_card":"summary_large_image","twitter_misc":{"Estimated reading time":"1 minute"},"schema":{"@context":"https:\/\/schema.org","@graph":[{"@type":"WebPage","@id":"https:\/\/www.ors-na-bruma.fr\/produit\/liqueur-de-cassis-30","url":"https:\/\/www.ors-na-bruma.fr\/produit\/liqueur-de-cassis-30","name":"Liqueur de Cassis (30%) - Ors na Bruma","isPartOf":{"@id":"https:\/\/www.ors-na-bruma.fr\/#website"},"primaryImageOfPage":{"@id":"https:\/\/www.ors-na-bruma.fr\/produit\/liqueur-de-cassis-30#primaryimage"},"image":{"@id":"https:\/\/www.ors-na-bruma.fr\/produit\/liqueur-de-cassis-30#primaryimage"},"thumbnailUrl":"https:\/\/www.ors-na-bruma.fr\/wp-content\/uploads\/2025\/10\/08-Cassis-MES.jpg","datePublished":"2025-10-21T14:09:47+00:00","dateModified":"2025-10-21T14:12:54+00:00","description":"Un grand classique ! Nous utilisons le cassis de notre ferme pour vous concocter une liqueur \u00e0 l'ar\u00f4me intense. A d\u00e9guster frapp\u00e9e telle quelle ou en cocktail !","breadcrumb":{"@id":"https:\/\/www.ors-na-bruma.fr\/produit\/liqueur-de-cassis-30#breadcrumb"},"inLanguage":"en-GB","potentialAction":[{"@type":"ReadAction","target":["https:\/\/www.ors-na-bruma.fr\/produit\/liqueur-de-cassis-30"]}]},{"@type":"ImageObject","inLanguage":"en-GB","@id":"https:\/\/www.ors-na-bruma.fr\/produit\/liqueur-de-cassis-30#primaryimage","url":"https:\/\/www.ors-na-bruma.fr\/wp-content\/uploads\/2025\/10\/08-Cassis-MES.jpg","contentUrl":"https:\/\/www.ors-na-bruma.fr\/wp-content\/uploads\/2025\/10\/08-Cassis-MES.jpg","width":1200,"height":800,"caption":"08 Cassis MES"},{"@type":"BreadcrumbList","@id":"https:\/\/www.ors-na-bruma.fr\/produit\/liqueur-de-cassis-30#breadcrumb","itemListElement":[{"@type":"ListItem","position":1,"name":"Accueil","item":"https:\/\/www.ors-na-bruma.fr\/"},{"@type":"ListItem","position":2,"name":"Boutique","item":"https:\/\/www.ors-na-bruma.fr\/boutique"},{"@type":"ListItem","position":3,"name":"Liqueur de Cassis (30%)"}]},{"@type":"WebSite","@id":"https:\/\/www.ors-na-bruma.fr\/#website","url":"https:\/\/www.ors-na-bruma.fr\/","name":"Ors na Bruma","description":"Ferme &amp; Distellerie en Val d&#039;Azun","publisher":{"@id":"https:\/\/www.ors-na-bruma.fr\/#organization"},"potentialAction":[{"@type":"SearchAction","target":{"@type":"EntryPoint","urlTemplate":"https:\/\/www.ors-na-bruma.fr\/?s={search_term_string}"},"query-input":{"@type":"PropertyValueSpecification","valueRequired":true,"valueName":"search_term_string"}}],"inLanguage":"en-GB"},{"@type":"Organization","@id":"https:\/\/www.ors-na-bruma.fr\/#organization","name":"Ors na Bruma","url":"https:\/\/www.ors-na-bruma.fr\/","logo":{"@type":"ImageObject","inLanguage":"en-GB","@id":"https:\/\/www.ors-na-bruma.fr\/#\/schema\/logo\/image\/","url":"https:\/\/www.ors-na-bruma.fr\/wp-content\/uploads\/2021\/09\/ODB_LOGO_ORANGE_SANSBRUME.png","contentUrl":"https:\/\/www.ors-na-bruma.fr\/wp-content\/uploads\/2021\/09\/ODB_LOGO_ORANGE_SANSBRUME.png","width":2000,"height":2000,"caption":"Ors na Bruma"},"image":{"@id":"https:\/\/www.ors-na-bruma.fr\/#\/schema\/logo\/image\/"}}]}},"_links":{"self":[{"href":"https:\/\/www.ors-na-bruma.fr\/en\/wp-json\/wp\/v2\/product\/13862","targetHints":{"allow":["GET"]}}],"collection":[{"href":"https:\/\/www.ors-na-bruma.fr\/en\/wp-json\/wp\/v2\/product"}],"about":[{"href":"https:\/\/www.ors-na-bruma.fr\/en\/wp-json\/wp\/v2\/types\/product"}],"wp:featuredmedia":[{"embeddable":true,"href":"https:\/\/www.ors-na-bruma.fr\/en\/wp-json\/wp\/v2\/media\/13856"}],"wp:attachment":[{"href":"https:\/\/www.ors-na-bruma.fr\/en\/wp-json\/wp\/v2\/media?parent=13862"}],"wp:term":[{"taxonomy":"product_brand","embeddable":true,"href":"https:\/\/www.ors-na-bruma.fr\/en\/wp-json\/wp\/v2\/product_brand?post=13862"},{"taxonomy":"product_cat","embeddable":true,"href":"https:\/\/www.ors-na-bruma.fr\/en\/wp-json\/wp\/v2\/product_cat?post=13862"},{"taxonomy":"product_tag","embeddable":true,"href":"https:\/\/www.ors-na-bruma.fr\/en\/wp-json\/wp\/v2\/product_tag?post=13862"}],"curies":[{"name":"wp","href":"https:\/\/api.w.org\/{rel}","templated":true}]}}