{"id":13420,"date":"2025-05-22T16:14:19","date_gmt":"2025-05-22T14:14:19","guid":{"rendered":"https:\/\/www.ors-na-bruma.fr\/?post_type=product&#038;p=13420"},"modified":"2026-01-10T09:04:25","modified_gmt":"2026-01-10T08:04:25","slug":"amer-the-bitter-end-25-vol","status":"publish","type":"product","link":"https:\/\/www.ors-na-bruma.fr\/en\/product\/amer-the-bitter-end-25-vol","title":{"rendered":"Amer &#8220;The Bitter End&#8221; 25% vol."},"content":{"rendered":"<p>&#8220;The Bitter End&#8221; est un <strong>amer artisanal,<\/strong> \u00e9labor\u00e9 avec des racines de gentiane sauvage<br \/>\nr\u00e9colt\u00e9e dans notre vall\u00e9e, des zestes d&#8217;agrumes frais, des framboises de la ferme,<br \/>\ndes plantes et des \u00e9pices. Des ar\u00f4mes subtils et une pointe d\u2019amertume font<br \/>\nde cet amer un spiritueux \u00e0 d\u00e9guster <strong>tel quel sur glace<\/strong> ou en <strong>cocktail<\/strong><br \/>\n(Spritz, Negroni ou Americano) !<\/p>\n<p><strong>Ingr\u00e9dients<\/strong><br \/>\nAlcool, eau, sucre, racines de gentiane, framboises, zestes d&#8217;agrumes, \u00e9pices&#8230;<\/p>\n<p><strong>Contenance<\/strong><br \/>\nDisponible uniquement en 50 cl.<\/p>","protected":false},"excerpt":{"rendered":"<p>This is a simple product.<\/p>","protected":false},"featured_media":13850,"template":"","meta":[],"product_brand":[],"product_cat":[19],"product_tag":[],"class_list":{"0":"post-13420","1":"product","2":"type-product","3":"status-publish","4":"has-post-thumbnail","6":"product_cat-liqueurs-aperitifs-digestifs","8":"first","9":"instock","10":"taxable","11":"shipping-taxable","12":"purchasable","13":"product-type-variable"},"yoast_head":"<!-- This site is optimized with the Yoast SEO plugin v27.5 - https:\/\/yoast.com\/product\/yoast-seo-wordpress\/ -->\n<title>Amer &quot;The Bitter End&quot; 25% vol. - Ors na Bruma<\/title>\n<meta name=\"description\" content=\"&quot;The Bitter End&quot; est un amer artisanal, \u00e9labor\u00e9 avec des racines de gentiane sauvager\u00e9colt\u00e9e dans notre vall\u00e9e, des zestes d&#039;agrumes frais, des framboises de la ferme,des plantes et des \u00e9pices. Des ar\u00f4mes subtils et une pointe d\u2019amertume fontde cet amer un spiritueux \u00e0 d\u00e9guster tel quel sur glace ou en cocktail(Spritz, Negroni ou Americano) !\" \/>\n<meta name=\"robots\" content=\"index, follow, max-snippet:-1, max-image-preview:large, max-video-preview:-1\" \/>\n<link rel=\"canonical\" href=\"https:\/\/www.ors-na-bruma.fr\/en\/product\/amer-the-bitter-end-25-vol\/\" \/>\n<meta property=\"og:locale\" content=\"en_GB\" \/>\n<meta property=\"og:type\" content=\"article\" \/>\n<meta property=\"og:title\" content=\"Amer &quot;The Bitter End&quot; 25% vol. - Ors na Bruma\" \/>\n<meta property=\"og:description\" content=\"&quot;The Bitter End&quot; est un amer artisanal, \u00e9labor\u00e9 avec des racines de gentiane sauvager\u00e9colt\u00e9e dans notre vall\u00e9e, des zestes d&#039;agrumes frais, des framboises de la ferme,des plantes et des \u00e9pices. Des ar\u00f4mes subtils et une pointe d\u2019amertume fontde cet amer un spiritueux \u00e0 d\u00e9guster tel quel sur glace ou en cocktail(Spritz, Negroni ou Americano) !\" \/>\n<meta property=\"og:url\" content=\"https:\/\/www.ors-na-bruma.fr\/en\/product\/amer-the-bitter-end-25-vol\/\" \/>\n<meta property=\"og:site_name\" content=\"Ors na Bruma\" \/>\n<meta property=\"article:modified_time\" content=\"2026-01-10T08:04:25+00:00\" \/>\n<meta property=\"og:image\" content=\"https:\/\/www.ors-na-bruma.fr\/wp-content\/uploads\/2025\/10\/02-Amer-MES.jpg\" \/>\n\t<meta property=\"og:image:width\" content=\"1200\" \/>\n\t<meta property=\"og:image:height\" content=\"800\" \/>\n\t<meta property=\"og:image:type\" content=\"image\/jpeg\" \/>\n<meta name=\"twitter:card\" content=\"summary_large_image\" \/>\n<meta name=\"twitter:label1\" content=\"Estimated reading time\" \/>\n\t<meta name=\"twitter:data1\" content=\"1 minute\" \/>\n<script type=\"application\/ld+json\" class=\"yoast-schema-graph\">{\"@context\":\"https:\\\/\\\/schema.org\",\"@graph\":[{\"@type\":\"WebPage\",\"@id\":\"https:\\\/\\\/www.ors-na-bruma.fr\\\/produit\\\/amer-the-bitter-end-25-vol\",\"url\":\"https:\\\/\\\/www.ors-na-bruma.fr\\\/produit\\\/amer-the-bitter-end-25-vol\",\"name\":\"Amer \\\"The Bitter End\\\" 25% vol. - Ors na Bruma\",\"isPartOf\":{\"@id\":\"https:\\\/\\\/www.ors-na-bruma.fr\\\/#website\"},\"primaryImageOfPage\":{\"@id\":\"https:\\\/\\\/www.ors-na-bruma.fr\\\/produit\\\/amer-the-bitter-end-25-vol#primaryimage\"},\"image\":{\"@id\":\"https:\\\/\\\/www.ors-na-bruma.fr\\\/produit\\\/amer-the-bitter-end-25-vol#primaryimage\"},\"thumbnailUrl\":\"https:\\\/\\\/www.ors-na-bruma.fr\\\/wp-content\\\/uploads\\\/2025\\\/10\\\/02-Amer-MES.jpg\",\"datePublished\":\"2025-05-22T14:14:19+00:00\",\"dateModified\":\"2026-01-10T08:04:25+00:00\",\"description\":\"\\\"The Bitter End\\\" est un amer artisanal, \u00e9labor\u00e9 avec des racines de gentiane sauvager\u00e9colt\u00e9e dans notre vall\u00e9e, des zestes d'agrumes frais, des framboises de la ferme,des plantes et des \u00e9pices. Des ar\u00f4mes subtils et une pointe d\u2019amertume fontde cet amer un spiritueux \u00e0 d\u00e9guster tel quel sur glace ou en cocktail(Spritz, Negroni ou Americano) !\",\"breadcrumb\":{\"@id\":\"https:\\\/\\\/www.ors-na-bruma.fr\\\/produit\\\/amer-the-bitter-end-25-vol#breadcrumb\"},\"inLanguage\":\"en-GB\",\"potentialAction\":[{\"@type\":\"ReadAction\",\"target\":[\"https:\\\/\\\/www.ors-na-bruma.fr\\\/produit\\\/amer-the-bitter-end-25-vol\"]}]},{\"@type\":\"ImageObject\",\"inLanguage\":\"en-GB\",\"@id\":\"https:\\\/\\\/www.ors-na-bruma.fr\\\/produit\\\/amer-the-bitter-end-25-vol#primaryimage\",\"url\":\"https:\\\/\\\/www.ors-na-bruma.fr\\\/wp-content\\\/uploads\\\/2025\\\/10\\\/02-Amer-MES.jpg\",\"contentUrl\":\"https:\\\/\\\/www.ors-na-bruma.fr\\\/wp-content\\\/uploads\\\/2025\\\/10\\\/02-Amer-MES.jpg\",\"width\":1200,\"height\":800,\"caption\":\"02 Amer MES\"},{\"@type\":\"BreadcrumbList\",\"@id\":\"https:\\\/\\\/www.ors-na-bruma.fr\\\/produit\\\/amer-the-bitter-end-25-vol#breadcrumb\",\"itemListElement\":[{\"@type\":\"ListItem\",\"position\":1,\"name\":\"Accueil\",\"item\":\"https:\\\/\\\/www.ors-na-bruma.fr\\\/\"},{\"@type\":\"ListItem\",\"position\":2,\"name\":\"Boutique\",\"item\":\"https:\\\/\\\/www.ors-na-bruma.fr\\\/en\\\/boutique\"},{\"@type\":\"ListItem\",\"position\":3,\"name\":\"Amer &#8220;The Bitter End&#8221; 25% vol.\"}]},{\"@type\":\"WebSite\",\"@id\":\"https:\\\/\\\/www.ors-na-bruma.fr\\\/#website\",\"url\":\"https:\\\/\\\/www.ors-na-bruma.fr\\\/\",\"name\":\"Ors na Bruma\",\"description\":\"Ferme &amp; Distellerie en Val d&#039;Azun\",\"publisher\":{\"@id\":\"https:\\\/\\\/www.ors-na-bruma.fr\\\/#organization\"},\"potentialAction\":[{\"@type\":\"SearchAction\",\"target\":{\"@type\":\"EntryPoint\",\"urlTemplate\":\"https:\\\/\\\/www.ors-na-bruma.fr\\\/?s={search_term_string}\"},\"query-input\":{\"@type\":\"PropertyValueSpecification\",\"valueRequired\":true,\"valueName\":\"search_term_string\"}}],\"inLanguage\":\"en-GB\"},{\"@type\":\"Organization\",\"@id\":\"https:\\\/\\\/www.ors-na-bruma.fr\\\/#organization\",\"name\":\"Ors na Bruma\",\"url\":\"https:\\\/\\\/www.ors-na-bruma.fr\\\/\",\"logo\":{\"@type\":\"ImageObject\",\"inLanguage\":\"en-GB\",\"@id\":\"https:\\\/\\\/www.ors-na-bruma.fr\\\/#\\\/schema\\\/logo\\\/image\\\/\",\"url\":\"https:\\\/\\\/www.ors-na-bruma.fr\\\/wp-content\\\/uploads\\\/2021\\\/09\\\/ODB_LOGO_ORANGE_SANSBRUME.png\",\"contentUrl\":\"https:\\\/\\\/www.ors-na-bruma.fr\\\/wp-content\\\/uploads\\\/2021\\\/09\\\/ODB_LOGO_ORANGE_SANSBRUME.png\",\"width\":2000,\"height\":2000,\"caption\":\"Ors na Bruma\"},\"image\":{\"@id\":\"https:\\\/\\\/www.ors-na-bruma.fr\\\/#\\\/schema\\\/logo\\\/image\\\/\"}}]}<\/script>\n<!-- \/ Yoast SEO plugin. -->","yoast_head_json":{"title":"Amer \"The Bitter End\" 25% vol. - Ors na Bruma","description":"\"The Bitter End\" est un amer artisanal, \u00e9labor\u00e9 avec des racines de gentiane sauvager\u00e9colt\u00e9e dans notre vall\u00e9e, des zestes d'agrumes frais, des framboises de la ferme,des plantes et des \u00e9pices. Des ar\u00f4mes subtils et une pointe d\u2019amertume fontde cet amer un spiritueux \u00e0 d\u00e9guster tel quel sur glace ou en cocktail(Spritz, Negroni ou Americano) !","robots":{"index":"index","follow":"follow","max-snippet":"max-snippet:-1","max-image-preview":"max-image-preview:large","max-video-preview":"max-video-preview:-1"},"canonical":"https:\/\/www.ors-na-bruma.fr\/en\/product\/amer-the-bitter-end-25-vol\/","og_locale":"en_GB","og_type":"article","og_title":"Amer \"The Bitter End\" 25% vol. - Ors na Bruma","og_description":"\"The Bitter End\" est un amer artisanal, \u00e9labor\u00e9 avec des racines de gentiane sauvager\u00e9colt\u00e9e dans notre vall\u00e9e, des zestes d'agrumes frais, des framboises de la ferme,des plantes et des \u00e9pices. Des ar\u00f4mes subtils et une pointe d\u2019amertume fontde cet amer un spiritueux \u00e0 d\u00e9guster tel quel sur glace ou en cocktail(Spritz, Negroni ou Americano) !","og_url":"https:\/\/www.ors-na-bruma.fr\/en\/product\/amer-the-bitter-end-25-vol\/","og_site_name":"Ors na Bruma","article_modified_time":"2026-01-10T08:04:25+00:00","og_image":[{"width":1200,"height":800,"url":"https:\/\/www.ors-na-bruma.fr\/wp-content\/uploads\/2025\/10\/02-Amer-MES.jpg","type":"image\/jpeg"}],"twitter_card":"summary_large_image","twitter_misc":{"Estimated reading time":"1 minute"},"schema":{"@context":"https:\/\/schema.org","@graph":[{"@type":"WebPage","@id":"https:\/\/www.ors-na-bruma.fr\/produit\/amer-the-bitter-end-25-vol","url":"https:\/\/www.ors-na-bruma.fr\/produit\/amer-the-bitter-end-25-vol","name":"Amer \"The Bitter End\" 25% vol. - Ors na Bruma","isPartOf":{"@id":"https:\/\/www.ors-na-bruma.fr\/#website"},"primaryImageOfPage":{"@id":"https:\/\/www.ors-na-bruma.fr\/produit\/amer-the-bitter-end-25-vol#primaryimage"},"image":{"@id":"https:\/\/www.ors-na-bruma.fr\/produit\/amer-the-bitter-end-25-vol#primaryimage"},"thumbnailUrl":"https:\/\/www.ors-na-bruma.fr\/wp-content\/uploads\/2025\/10\/02-Amer-MES.jpg","datePublished":"2025-05-22T14:14:19+00:00","dateModified":"2026-01-10T08:04:25+00:00","description":"\"The Bitter End\" est un amer artisanal, \u00e9labor\u00e9 avec des racines de gentiane sauvager\u00e9colt\u00e9e dans notre vall\u00e9e, des zestes d'agrumes frais, des framboises de la ferme,des plantes et des \u00e9pices. Des ar\u00f4mes subtils et une pointe d\u2019amertume fontde cet amer un spiritueux \u00e0 d\u00e9guster tel quel sur glace ou en cocktail(Spritz, Negroni ou Americano) !","breadcrumb":{"@id":"https:\/\/www.ors-na-bruma.fr\/produit\/amer-the-bitter-end-25-vol#breadcrumb"},"inLanguage":"en-GB","potentialAction":[{"@type":"ReadAction","target":["https:\/\/www.ors-na-bruma.fr\/produit\/amer-the-bitter-end-25-vol"]}]},{"@type":"ImageObject","inLanguage":"en-GB","@id":"https:\/\/www.ors-na-bruma.fr\/produit\/amer-the-bitter-end-25-vol#primaryimage","url":"https:\/\/www.ors-na-bruma.fr\/wp-content\/uploads\/2025\/10\/02-Amer-MES.jpg","contentUrl":"https:\/\/www.ors-na-bruma.fr\/wp-content\/uploads\/2025\/10\/02-Amer-MES.jpg","width":1200,"height":800,"caption":"02 Amer MES"},{"@type":"BreadcrumbList","@id":"https:\/\/www.ors-na-bruma.fr\/produit\/amer-the-bitter-end-25-vol#breadcrumb","itemListElement":[{"@type":"ListItem","position":1,"name":"Accueil","item":"https:\/\/www.ors-na-bruma.fr\/"},{"@type":"ListItem","position":2,"name":"Boutique","item":"https:\/\/www.ors-na-bruma.fr\/en\/boutique"},{"@type":"ListItem","position":3,"name":"Amer &#8220;The Bitter End&#8221; 25% vol."}]},{"@type":"WebSite","@id":"https:\/\/www.ors-na-bruma.fr\/#website","url":"https:\/\/www.ors-na-bruma.fr\/","name":"Ors na Bruma","description":"Ferme &amp; Distellerie en Val d&#039;Azun","publisher":{"@id":"https:\/\/www.ors-na-bruma.fr\/#organization"},"potentialAction":[{"@type":"SearchAction","target":{"@type":"EntryPoint","urlTemplate":"https:\/\/www.ors-na-bruma.fr\/?s={search_term_string}"},"query-input":{"@type":"PropertyValueSpecification","valueRequired":true,"valueName":"search_term_string"}}],"inLanguage":"en-GB"},{"@type":"Organization","@id":"https:\/\/www.ors-na-bruma.fr\/#organization","name":"Ors na Bruma","url":"https:\/\/www.ors-na-bruma.fr\/","logo":{"@type":"ImageObject","inLanguage":"en-GB","@id":"https:\/\/www.ors-na-bruma.fr\/#\/schema\/logo\/image\/","url":"https:\/\/www.ors-na-bruma.fr\/wp-content\/uploads\/2021\/09\/ODB_LOGO_ORANGE_SANSBRUME.png","contentUrl":"https:\/\/www.ors-na-bruma.fr\/wp-content\/uploads\/2021\/09\/ODB_LOGO_ORANGE_SANSBRUME.png","width":2000,"height":2000,"caption":"Ors na Bruma"},"image":{"@id":"https:\/\/www.ors-na-bruma.fr\/#\/schema\/logo\/image\/"}}]}},"_links":{"self":[{"href":"https:\/\/www.ors-na-bruma.fr\/en\/wp-json\/wp\/v2\/product\/13420","targetHints":{"allow":["GET"]}}],"collection":[{"href":"https:\/\/www.ors-na-bruma.fr\/en\/wp-json\/wp\/v2\/product"}],"about":[{"href":"https:\/\/www.ors-na-bruma.fr\/en\/wp-json\/wp\/v2\/types\/product"}],"wp:featuredmedia":[{"embeddable":true,"href":"https:\/\/www.ors-na-bruma.fr\/en\/wp-json\/wp\/v2\/media\/13850"}],"wp:attachment":[{"href":"https:\/\/www.ors-na-bruma.fr\/en\/wp-json\/wp\/v2\/media?parent=13420"}],"wp:term":[{"taxonomy":"product_brand","embeddable":true,"href":"https:\/\/www.ors-na-bruma.fr\/en\/wp-json\/wp\/v2\/product_brand?post=13420"},{"taxonomy":"product_cat","embeddable":true,"href":"https:\/\/www.ors-na-bruma.fr\/en\/wp-json\/wp\/v2\/product_cat?post=13420"},{"taxonomy":"product_tag","embeddable":true,"href":"https:\/\/www.ors-na-bruma.fr\/en\/wp-json\/wp\/v2\/product_tag?post=13420"}],"curies":[{"name":"wp","href":"https:\/\/api.w.org\/{rel}","templated":true}]}}