{"id":12826,"date":"2024-11-29T09:23:31","date_gmt":"2024-11-29T08:23:31","guid":{"rendered":"https:\/\/www.ors-na-bruma.fr\/?post_type=product&#038;p=12826"},"modified":"2025-10-23T17:52:07","modified_gmt":"2025-10-23T15:52:07","slug":"sirop-souffle-glace","status":"publish","type":"product","link":"https:\/\/www.ors-na-bruma.fr\/en\/product\/sirop-souffle-glace","title":{"rendered":"Sirop &#8220;Souffle Glac\u00e9&#8221;"},"content":{"rendered":"<p class=\"brz-fs-lg-18 brz-ft-google brz-tp-lg-empty brz-lh-lg-1_7 brz-ls-lg-0 brz-fw-lg-300 brz-fss-lg-px brz-text-lg-justify brz-ff-comfortaa brz-vfw-lg-400 brz-fwdth-lg-100 brz-fsft-lg-0 brz-css-g_ThG\" data-generated-css=\"brz-css-blyl3\" data-uniq-id=\"jKO0G\">Ce sirop est \u00e9labor\u00e9 \u00e0 partir d&#8217;un m\u00e9lange exquis de menthe poivr\u00e9e, de menthe bergamote et de bleuet. Ces ingr\u00e9dients soigneusement s\u00e9lectionn\u00e9s offrent une exp\u00e9rience gustative vivifiante et une vari\u00e9t\u00e9 de bienfaits pour la sant\u00e9.<\/p>","protected":false},"excerpt":{"rendered":"<p>Ce sirop est \u00e9labor\u00e9 \u00e0 partir d&#8217;un m\u00e9lange exquis de menthe poivr\u00e9e, de menthe bergamote et de bleuet. Ces ingr\u00e9dients soigneusement s\u00e9lectionn\u00e9s offrent une exp\u00e9rience gustative vivifiante et une vari\u00e9t\u00e9 de bienfaits pour la sant\u00e9.<\/p>","protected":false},"featured_media":13689,"template":"","meta":[],"product_brand":[],"product_cat":[24],"product_tag":[],"class_list":{"0":"post-12826","1":"product","2":"type-product","3":"status-publish","4":"has-post-thumbnail","6":"product_cat-sirops-boissons-sans-alcool","8":"first","9":"instock","10":"taxable","11":"shipping-taxable","12":"purchasable","13":"product-type-simple"},"yoast_head":"<!-- This site is optimized with the Yoast SEO plugin v27.5 - https:\/\/yoast.com\/product\/yoast-seo-wordpress\/ -->\n<title>Sirop &quot;Souffle Glac\u00e9&quot; - Ors na Bruma<\/title>\n<meta name=\"robots\" content=\"index, follow, max-snippet:-1, max-image-preview:large, max-video-preview:-1\" \/>\n<link rel=\"canonical\" href=\"https:\/\/www.ors-na-bruma.fr\/en\/product\/sirop-souffle-glace\/\" \/>\n<meta property=\"og:locale\" content=\"en_GB\" \/>\n<meta property=\"og:type\" content=\"article\" \/>\n<meta property=\"og:title\" content=\"Sirop &quot;Souffle Glac\u00e9&quot; - Ors na Bruma\" \/>\n<meta property=\"og:description\" content=\"Ce sirop est \u00e9labor\u00e9 \u00e0 partir d&#8217;un m\u00e9lange exquis de menthe poivr\u00e9e, de menthe bergamote et de bleuet. Ces ingr\u00e9dients soigneusement s\u00e9lectionn\u00e9s offrent une exp\u00e9rience gustative vivifiante et une vari\u00e9t\u00e9 de bienfaits pour la sant\u00e9.\" \/>\n<meta property=\"og:url\" content=\"https:\/\/www.ors-na-bruma.fr\/en\/product\/sirop-souffle-glace\/\" \/>\n<meta property=\"og:site_name\" content=\"Ors na Bruma\" \/>\n<meta property=\"article:modified_time\" content=\"2025-10-23T15:52:07+00:00\" \/>\n<meta property=\"og:image\" content=\"https:\/\/www.ors-na-bruma.fr\/wp-content\/uploads\/2025\/10\/Sirop1.png\" \/>\n\t<meta property=\"og:image:width\" content=\"300\" \/>\n\t<meta property=\"og:image:height\" content=\"795\" \/>\n\t<meta property=\"og:image:type\" content=\"image\/png\" \/>\n<meta name=\"twitter:card\" content=\"summary_large_image\" \/>\n<meta name=\"twitter:label1\" content=\"Estimated reading time\" \/>\n\t<meta name=\"twitter:data1\" content=\"1 minute\" \/>\n<script type=\"application\/ld+json\" class=\"yoast-schema-graph\">{\"@context\":\"https:\\\/\\\/schema.org\",\"@graph\":[{\"@type\":\"WebPage\",\"@id\":\"https:\\\/\\\/www.ors-na-bruma.fr\\\/produit\\\/sirop-souffle-glace\",\"url\":\"https:\\\/\\\/www.ors-na-bruma.fr\\\/produit\\\/sirop-souffle-glace\",\"name\":\"Sirop \\\"Souffle Glac\u00e9\\\" - Ors na Bruma\",\"isPartOf\":{\"@id\":\"https:\\\/\\\/www.ors-na-bruma.fr\\\/#website\"},\"primaryImageOfPage\":{\"@id\":\"https:\\\/\\\/www.ors-na-bruma.fr\\\/produit\\\/sirop-souffle-glace#primaryimage\"},\"image\":{\"@id\":\"https:\\\/\\\/www.ors-na-bruma.fr\\\/produit\\\/sirop-souffle-glace#primaryimage\"},\"thumbnailUrl\":\"https:\\\/\\\/www.ors-na-bruma.fr\\\/wp-content\\\/uploads\\\/2025\\\/10\\\/Sirop1.png\",\"datePublished\":\"2024-11-29T08:23:31+00:00\",\"dateModified\":\"2025-10-23T15:52:07+00:00\",\"breadcrumb\":{\"@id\":\"https:\\\/\\\/www.ors-na-bruma.fr\\\/produit\\\/sirop-souffle-glace#breadcrumb\"},\"inLanguage\":\"en-GB\",\"potentialAction\":[{\"@type\":\"ReadAction\",\"target\":[\"https:\\\/\\\/www.ors-na-bruma.fr\\\/produit\\\/sirop-souffle-glace\"]}]},{\"@type\":\"ImageObject\",\"inLanguage\":\"en-GB\",\"@id\":\"https:\\\/\\\/www.ors-na-bruma.fr\\\/produit\\\/sirop-souffle-glace#primaryimage\",\"url\":\"https:\\\/\\\/www.ors-na-bruma.fr\\\/wp-content\\\/uploads\\\/2025\\\/10\\\/Sirop1.png\",\"contentUrl\":\"https:\\\/\\\/www.ors-na-bruma.fr\\\/wp-content\\\/uploads\\\/2025\\\/10\\\/Sirop1.png\",\"width\":300,\"height\":795,\"caption\":\"Sirop#1\"},{\"@type\":\"BreadcrumbList\",\"@id\":\"https:\\\/\\\/www.ors-na-bruma.fr\\\/produit\\\/sirop-souffle-glace#breadcrumb\",\"itemListElement\":[{\"@type\":\"ListItem\",\"position\":1,\"name\":\"Accueil\",\"item\":\"https:\\\/\\\/www.ors-na-bruma.fr\\\/\"},{\"@type\":\"ListItem\",\"position\":2,\"name\":\"Boutique\",\"item\":\"https:\\\/\\\/www.ors-na-bruma.fr\\\/en\\\/boutique\"},{\"@type\":\"ListItem\",\"position\":3,\"name\":\"Sirop &#8220;Souffle Glac\u00e9&#8221;\"}]},{\"@type\":\"WebSite\",\"@id\":\"https:\\\/\\\/www.ors-na-bruma.fr\\\/#website\",\"url\":\"https:\\\/\\\/www.ors-na-bruma.fr\\\/\",\"name\":\"Ors na Bruma\",\"description\":\"Ferme &amp; Distellerie en Val d&#039;Azun\",\"publisher\":{\"@id\":\"https:\\\/\\\/www.ors-na-bruma.fr\\\/#organization\"},\"potentialAction\":[{\"@type\":\"SearchAction\",\"target\":{\"@type\":\"EntryPoint\",\"urlTemplate\":\"https:\\\/\\\/www.ors-na-bruma.fr\\\/?s={search_term_string}\"},\"query-input\":{\"@type\":\"PropertyValueSpecification\",\"valueRequired\":true,\"valueName\":\"search_term_string\"}}],\"inLanguage\":\"en-GB\"},{\"@type\":\"Organization\",\"@id\":\"https:\\\/\\\/www.ors-na-bruma.fr\\\/#organization\",\"name\":\"Ors na Bruma\",\"url\":\"https:\\\/\\\/www.ors-na-bruma.fr\\\/\",\"logo\":{\"@type\":\"ImageObject\",\"inLanguage\":\"en-GB\",\"@id\":\"https:\\\/\\\/www.ors-na-bruma.fr\\\/#\\\/schema\\\/logo\\\/image\\\/\",\"url\":\"https:\\\/\\\/www.ors-na-bruma.fr\\\/wp-content\\\/uploads\\\/2021\\\/09\\\/ODB_LOGO_ORANGE_SANSBRUME.png\",\"contentUrl\":\"https:\\\/\\\/www.ors-na-bruma.fr\\\/wp-content\\\/uploads\\\/2021\\\/09\\\/ODB_LOGO_ORANGE_SANSBRUME.png\",\"width\":2000,\"height\":2000,\"caption\":\"Ors na Bruma\"},\"image\":{\"@id\":\"https:\\\/\\\/www.ors-na-bruma.fr\\\/#\\\/schema\\\/logo\\\/image\\\/\"}}]}<\/script>\n<!-- \/ Yoast SEO plugin. -->","yoast_head_json":{"title":"Sirop \"Souffle Glac\u00e9\" - Ors na Bruma","robots":{"index":"index","follow":"follow","max-snippet":"max-snippet:-1","max-image-preview":"max-image-preview:large","max-video-preview":"max-video-preview:-1"},"canonical":"https:\/\/www.ors-na-bruma.fr\/en\/product\/sirop-souffle-glace\/","og_locale":"en_GB","og_type":"article","og_title":"Sirop \"Souffle Glac\u00e9\" - Ors na Bruma","og_description":"Ce sirop est \u00e9labor\u00e9 \u00e0 partir d&#8217;un m\u00e9lange exquis de menthe poivr\u00e9e, de menthe bergamote et de bleuet. Ces ingr\u00e9dients soigneusement s\u00e9lectionn\u00e9s offrent une exp\u00e9rience gustative vivifiante et une vari\u00e9t\u00e9 de bienfaits pour la sant\u00e9.","og_url":"https:\/\/www.ors-na-bruma.fr\/en\/product\/sirop-souffle-glace\/","og_site_name":"Ors na Bruma","article_modified_time":"2025-10-23T15:52:07+00:00","og_image":[{"width":300,"height":795,"url":"https:\/\/www.ors-na-bruma.fr\/wp-content\/uploads\/2025\/10\/Sirop1.png","type":"image\/png"}],"twitter_card":"summary_large_image","twitter_misc":{"Estimated reading time":"1 minute"},"schema":{"@context":"https:\/\/schema.org","@graph":[{"@type":"WebPage","@id":"https:\/\/www.ors-na-bruma.fr\/produit\/sirop-souffle-glace","url":"https:\/\/www.ors-na-bruma.fr\/produit\/sirop-souffle-glace","name":"Sirop \"Souffle Glac\u00e9\" - Ors na Bruma","isPartOf":{"@id":"https:\/\/www.ors-na-bruma.fr\/#website"},"primaryImageOfPage":{"@id":"https:\/\/www.ors-na-bruma.fr\/produit\/sirop-souffle-glace#primaryimage"},"image":{"@id":"https:\/\/www.ors-na-bruma.fr\/produit\/sirop-souffle-glace#primaryimage"},"thumbnailUrl":"https:\/\/www.ors-na-bruma.fr\/wp-content\/uploads\/2025\/10\/Sirop1.png","datePublished":"2024-11-29T08:23:31+00:00","dateModified":"2025-10-23T15:52:07+00:00","breadcrumb":{"@id":"https:\/\/www.ors-na-bruma.fr\/produit\/sirop-souffle-glace#breadcrumb"},"inLanguage":"en-GB","potentialAction":[{"@type":"ReadAction","target":["https:\/\/www.ors-na-bruma.fr\/produit\/sirop-souffle-glace"]}]},{"@type":"ImageObject","inLanguage":"en-GB","@id":"https:\/\/www.ors-na-bruma.fr\/produit\/sirop-souffle-glace#primaryimage","url":"https:\/\/www.ors-na-bruma.fr\/wp-content\/uploads\/2025\/10\/Sirop1.png","contentUrl":"https:\/\/www.ors-na-bruma.fr\/wp-content\/uploads\/2025\/10\/Sirop1.png","width":300,"height":795,"caption":"Sirop#1"},{"@type":"BreadcrumbList","@id":"https:\/\/www.ors-na-bruma.fr\/produit\/sirop-souffle-glace#breadcrumb","itemListElement":[{"@type":"ListItem","position":1,"name":"Accueil","item":"https:\/\/www.ors-na-bruma.fr\/"},{"@type":"ListItem","position":2,"name":"Boutique","item":"https:\/\/www.ors-na-bruma.fr\/en\/boutique"},{"@type":"ListItem","position":3,"name":"Sirop &#8220;Souffle Glac\u00e9&#8221;"}]},{"@type":"WebSite","@id":"https:\/\/www.ors-na-bruma.fr\/#website","url":"https:\/\/www.ors-na-bruma.fr\/","name":"Ors na Bruma","description":"Ferme &amp; Distellerie en Val d&#039;Azun","publisher":{"@id":"https:\/\/www.ors-na-bruma.fr\/#organization"},"potentialAction":[{"@type":"SearchAction","target":{"@type":"EntryPoint","urlTemplate":"https:\/\/www.ors-na-bruma.fr\/?s={search_term_string}"},"query-input":{"@type":"PropertyValueSpecification","valueRequired":true,"valueName":"search_term_string"}}],"inLanguage":"en-GB"},{"@type":"Organization","@id":"https:\/\/www.ors-na-bruma.fr\/#organization","name":"Ors na Bruma","url":"https:\/\/www.ors-na-bruma.fr\/","logo":{"@type":"ImageObject","inLanguage":"en-GB","@id":"https:\/\/www.ors-na-bruma.fr\/#\/schema\/logo\/image\/","url":"https:\/\/www.ors-na-bruma.fr\/wp-content\/uploads\/2021\/09\/ODB_LOGO_ORANGE_SANSBRUME.png","contentUrl":"https:\/\/www.ors-na-bruma.fr\/wp-content\/uploads\/2021\/09\/ODB_LOGO_ORANGE_SANSBRUME.png","width":2000,"height":2000,"caption":"Ors na Bruma"},"image":{"@id":"https:\/\/www.ors-na-bruma.fr\/#\/schema\/logo\/image\/"}}]}},"_links":{"self":[{"href":"https:\/\/www.ors-na-bruma.fr\/en\/wp-json\/wp\/v2\/product\/12826","targetHints":{"allow":["GET"]}}],"collection":[{"href":"https:\/\/www.ors-na-bruma.fr\/en\/wp-json\/wp\/v2\/product"}],"about":[{"href":"https:\/\/www.ors-na-bruma.fr\/en\/wp-json\/wp\/v2\/types\/product"}],"wp:featuredmedia":[{"embeddable":true,"href":"https:\/\/www.ors-na-bruma.fr\/en\/wp-json\/wp\/v2\/media\/13689"}],"wp:attachment":[{"href":"https:\/\/www.ors-na-bruma.fr\/en\/wp-json\/wp\/v2\/media?parent=12826"}],"wp:term":[{"taxonomy":"product_brand","embeddable":true,"href":"https:\/\/www.ors-na-bruma.fr\/en\/wp-json\/wp\/v2\/product_brand?post=12826"},{"taxonomy":"product_cat","embeddable":true,"href":"https:\/\/www.ors-na-bruma.fr\/en\/wp-json\/wp\/v2\/product_cat?post=12826"},{"taxonomy":"product_tag","embeddable":true,"href":"https:\/\/www.ors-na-bruma.fr\/en\/wp-json\/wp\/v2\/product_tag?post=12826"}],"curies":[{"name":"wp","href":"https:\/\/api.w.org\/{rel}","templated":true}]}}