{"id":12824,"date":"2024-11-29T09:21:40","date_gmt":"2024-11-29T08:21:40","guid":{"rendered":"https:\/\/www.ors-na-bruma.fr\/?post_type=product&#038;p=12824"},"modified":"2025-10-23T17:51:32","modified_gmt":"2025-10-23T15:51:32","slug":"sirop-pieds-dans-le-gave","status":"publish","type":"product","link":"https:\/\/www.ors-na-bruma.fr\/en\/product\/sirop-pieds-dans-le-gave","title":{"rendered":"Sirop &#8220;Pieds dans le Gave&#8221;"},"content":{"rendered":"<p class=\"brz-fs-lg-18 brz-ft-google brz-tp-lg-empty brz-lh-lg-1_7 brz-ls-lg-0 brz-fw-lg-300 brz-fss-lg-px brz-text-lg-justify brz-ff-comfortaa brz-vfw-lg-400 brz-fwdth-lg-100 brz-fsft-lg-0 brz-css-eJbd7\" data-generated-css=\"brz-css-brLMS\" data-uniq-id=\"aOdOk\">Ce sirop est une cr\u00e9ation unique et rafra\u00eechissante, fabriqu\u00e9e \u00e0 partir d&#8217;un mariage subtil de menthe poivr\u00e9e et de basilic. Ces deux ingr\u00e9dients, choisis avec soin, apportent une combinaison de saveurs fra\u00eeches et herbac\u00e9es qui \u00e9voquent une sensation de d\u00e9tente au bord d&#8217;un cours d&#8217;eau.<\/p>","protected":false},"excerpt":{"rendered":"<p>Ce sirop est une cr\u00e9ation unique et rafra\u00eechissante, fabriqu\u00e9e \u00e0 partir d&#8217;un mariage subtil de menthe poivr\u00e9e et de basilic. Ces deux ingr\u00e9dients, choisis avec soin, apportent une combinaison de saveurs fra\u00eeches et herbac\u00e9es qui \u00e9voquent une sensation de d\u00e9tente au bord d&#8217;un cours d&#8217;eau.<\/p>","protected":false},"featured_media":13705,"template":"","meta":[],"product_brand":[],"product_cat":[24],"product_tag":[],"class_list":{"0":"post-12824","1":"product","2":"type-product","3":"status-publish","4":"has-post-thumbnail","6":"product_cat-sirops-boissons-sans-alcool","8":"first","9":"instock","10":"taxable","11":"shipping-taxable","12":"purchasable","13":"product-type-simple"},"yoast_head":"<!-- This site is optimized with the Yoast SEO plugin v27.5 - https:\/\/yoast.com\/product\/yoast-seo-wordpress\/ -->\n<title>Sirop &quot;Pieds dans le Gave&quot; - Ors na Bruma<\/title>\n<meta name=\"robots\" content=\"index, follow, max-snippet:-1, max-image-preview:large, max-video-preview:-1\" \/>\n<link rel=\"canonical\" href=\"https:\/\/www.ors-na-bruma.fr\/en\/product\/sirop-pieds-dans-le-gave\/\" \/>\n<meta property=\"og:locale\" content=\"en_GB\" \/>\n<meta property=\"og:type\" content=\"article\" \/>\n<meta property=\"og:title\" content=\"Sirop &quot;Pieds dans le Gave&quot; - Ors na Bruma\" \/>\n<meta property=\"og:description\" content=\"Ce sirop est une cr\u00e9ation unique et rafra\u00eechissante, fabriqu\u00e9e \u00e0 partir d&#8217;un mariage subtil de menthe poivr\u00e9e et de basilic. Ces deux ingr\u00e9dients, choisis avec soin, apportent une combinaison de saveurs fra\u00eeches et herbac\u00e9es qui \u00e9voquent une sensation de d\u00e9tente au bord d&#8217;un cours d&#8217;eau.\" \/>\n<meta property=\"og:url\" content=\"https:\/\/www.ors-na-bruma.fr\/en\/product\/sirop-pieds-dans-le-gave\/\" \/>\n<meta property=\"og:site_name\" content=\"Ors na Bruma\" \/>\n<meta property=\"article:modified_time\" content=\"2025-10-23T15:51:32+00:00\" \/>\n<meta property=\"og:image\" content=\"https:\/\/www.ors-na-bruma.fr\/wp-content\/uploads\/2025\/10\/Sirop3.png\" \/>\n\t<meta property=\"og:image:width\" content=\"300\" \/>\n\t<meta property=\"og:image:height\" content=\"767\" \/>\n\t<meta property=\"og:image:type\" content=\"image\/png\" \/>\n<meta name=\"twitter:card\" content=\"summary_large_image\" \/>\n<meta name=\"twitter:label1\" content=\"Estimated reading time\" \/>\n\t<meta name=\"twitter:data1\" content=\"1 minute\" \/>\n<script type=\"application\/ld+json\" class=\"yoast-schema-graph\">{\"@context\":\"https:\\\/\\\/schema.org\",\"@graph\":[{\"@type\":\"WebPage\",\"@id\":\"https:\\\/\\\/www.ors-na-bruma.fr\\\/produit\\\/sirop-pieds-dans-le-gave\",\"url\":\"https:\\\/\\\/www.ors-na-bruma.fr\\\/produit\\\/sirop-pieds-dans-le-gave\",\"name\":\"Sirop \\\"Pieds dans le Gave\\\" - Ors na Bruma\",\"isPartOf\":{\"@id\":\"https:\\\/\\\/www.ors-na-bruma.fr\\\/#website\"},\"primaryImageOfPage\":{\"@id\":\"https:\\\/\\\/www.ors-na-bruma.fr\\\/produit\\\/sirop-pieds-dans-le-gave#primaryimage\"},\"image\":{\"@id\":\"https:\\\/\\\/www.ors-na-bruma.fr\\\/produit\\\/sirop-pieds-dans-le-gave#primaryimage\"},\"thumbnailUrl\":\"https:\\\/\\\/www.ors-na-bruma.fr\\\/wp-content\\\/uploads\\\/2025\\\/10\\\/Sirop3.png\",\"datePublished\":\"2024-11-29T08:21:40+00:00\",\"dateModified\":\"2025-10-23T15:51:32+00:00\",\"breadcrumb\":{\"@id\":\"https:\\\/\\\/www.ors-na-bruma.fr\\\/produit\\\/sirop-pieds-dans-le-gave#breadcrumb\"},\"inLanguage\":\"en-GB\",\"potentialAction\":[{\"@type\":\"ReadAction\",\"target\":[\"https:\\\/\\\/www.ors-na-bruma.fr\\\/produit\\\/sirop-pieds-dans-le-gave\"]}]},{\"@type\":\"ImageObject\",\"inLanguage\":\"en-GB\",\"@id\":\"https:\\\/\\\/www.ors-na-bruma.fr\\\/produit\\\/sirop-pieds-dans-le-gave#primaryimage\",\"url\":\"https:\\\/\\\/www.ors-na-bruma.fr\\\/wp-content\\\/uploads\\\/2025\\\/10\\\/Sirop3.png\",\"contentUrl\":\"https:\\\/\\\/www.ors-na-bruma.fr\\\/wp-content\\\/uploads\\\/2025\\\/10\\\/Sirop3.png\",\"width\":300,\"height\":767,\"caption\":\"Sirop#3\"},{\"@type\":\"BreadcrumbList\",\"@id\":\"https:\\\/\\\/www.ors-na-bruma.fr\\\/produit\\\/sirop-pieds-dans-le-gave#breadcrumb\",\"itemListElement\":[{\"@type\":\"ListItem\",\"position\":1,\"name\":\"Accueil\",\"item\":\"https:\\\/\\\/www.ors-na-bruma.fr\\\/\"},{\"@type\":\"ListItem\",\"position\":2,\"name\":\"Boutique\",\"item\":\"https:\\\/\\\/www.ors-na-bruma.fr\\\/boutique\"},{\"@type\":\"ListItem\",\"position\":3,\"name\":\"Sirop &#8220;Pieds dans le Gave&#8221;\"}]},{\"@type\":\"WebSite\",\"@id\":\"https:\\\/\\\/www.ors-na-bruma.fr\\\/#website\",\"url\":\"https:\\\/\\\/www.ors-na-bruma.fr\\\/\",\"name\":\"Ors na Bruma\",\"description\":\"Ferme &amp; Distellerie en Val d&#039;Azun\",\"publisher\":{\"@id\":\"https:\\\/\\\/www.ors-na-bruma.fr\\\/#organization\"},\"potentialAction\":[{\"@type\":\"SearchAction\",\"target\":{\"@type\":\"EntryPoint\",\"urlTemplate\":\"https:\\\/\\\/www.ors-na-bruma.fr\\\/?s={search_term_string}\"},\"query-input\":{\"@type\":\"PropertyValueSpecification\",\"valueRequired\":true,\"valueName\":\"search_term_string\"}}],\"inLanguage\":\"en-GB\"},{\"@type\":\"Organization\",\"@id\":\"https:\\\/\\\/www.ors-na-bruma.fr\\\/#organization\",\"name\":\"Ors na Bruma\",\"url\":\"https:\\\/\\\/www.ors-na-bruma.fr\\\/\",\"logo\":{\"@type\":\"ImageObject\",\"inLanguage\":\"en-GB\",\"@id\":\"https:\\\/\\\/www.ors-na-bruma.fr\\\/#\\\/schema\\\/logo\\\/image\\\/\",\"url\":\"https:\\\/\\\/www.ors-na-bruma.fr\\\/wp-content\\\/uploads\\\/2021\\\/09\\\/ODB_LOGO_ORANGE_SANSBRUME.png\",\"contentUrl\":\"https:\\\/\\\/www.ors-na-bruma.fr\\\/wp-content\\\/uploads\\\/2021\\\/09\\\/ODB_LOGO_ORANGE_SANSBRUME.png\",\"width\":2000,\"height\":2000,\"caption\":\"Ors na Bruma\"},\"image\":{\"@id\":\"https:\\\/\\\/www.ors-na-bruma.fr\\\/#\\\/schema\\\/logo\\\/image\\\/\"}}]}<\/script>\n<!-- \/ Yoast SEO plugin. -->","yoast_head_json":{"title":"Sirop \"Pieds dans le Gave\" - Ors na Bruma","robots":{"index":"index","follow":"follow","max-snippet":"max-snippet:-1","max-image-preview":"max-image-preview:large","max-video-preview":"max-video-preview:-1"},"canonical":"https:\/\/www.ors-na-bruma.fr\/en\/product\/sirop-pieds-dans-le-gave\/","og_locale":"en_GB","og_type":"article","og_title":"Sirop \"Pieds dans le Gave\" - Ors na Bruma","og_description":"Ce sirop est une cr\u00e9ation unique et rafra\u00eechissante, fabriqu\u00e9e \u00e0 partir d&#8217;un mariage subtil de menthe poivr\u00e9e et de basilic. Ces deux ingr\u00e9dients, choisis avec soin, apportent une combinaison de saveurs fra\u00eeches et herbac\u00e9es qui \u00e9voquent une sensation de d\u00e9tente au bord d&#8217;un cours d&#8217;eau.","og_url":"https:\/\/www.ors-na-bruma.fr\/en\/product\/sirop-pieds-dans-le-gave\/","og_site_name":"Ors na Bruma","article_modified_time":"2025-10-23T15:51:32+00:00","og_image":[{"width":300,"height":767,"url":"https:\/\/www.ors-na-bruma.fr\/wp-content\/uploads\/2025\/10\/Sirop3.png","type":"image\/png"}],"twitter_card":"summary_large_image","twitter_misc":{"Estimated reading time":"1 minute"},"schema":{"@context":"https:\/\/schema.org","@graph":[{"@type":"WebPage","@id":"https:\/\/www.ors-na-bruma.fr\/produit\/sirop-pieds-dans-le-gave","url":"https:\/\/www.ors-na-bruma.fr\/produit\/sirop-pieds-dans-le-gave","name":"Sirop \"Pieds dans le Gave\" - Ors na Bruma","isPartOf":{"@id":"https:\/\/www.ors-na-bruma.fr\/#website"},"primaryImageOfPage":{"@id":"https:\/\/www.ors-na-bruma.fr\/produit\/sirop-pieds-dans-le-gave#primaryimage"},"image":{"@id":"https:\/\/www.ors-na-bruma.fr\/produit\/sirop-pieds-dans-le-gave#primaryimage"},"thumbnailUrl":"https:\/\/www.ors-na-bruma.fr\/wp-content\/uploads\/2025\/10\/Sirop3.png","datePublished":"2024-11-29T08:21:40+00:00","dateModified":"2025-10-23T15:51:32+00:00","breadcrumb":{"@id":"https:\/\/www.ors-na-bruma.fr\/produit\/sirop-pieds-dans-le-gave#breadcrumb"},"inLanguage":"en-GB","potentialAction":[{"@type":"ReadAction","target":["https:\/\/www.ors-na-bruma.fr\/produit\/sirop-pieds-dans-le-gave"]}]},{"@type":"ImageObject","inLanguage":"en-GB","@id":"https:\/\/www.ors-na-bruma.fr\/produit\/sirop-pieds-dans-le-gave#primaryimage","url":"https:\/\/www.ors-na-bruma.fr\/wp-content\/uploads\/2025\/10\/Sirop3.png","contentUrl":"https:\/\/www.ors-na-bruma.fr\/wp-content\/uploads\/2025\/10\/Sirop3.png","width":300,"height":767,"caption":"Sirop#3"},{"@type":"BreadcrumbList","@id":"https:\/\/www.ors-na-bruma.fr\/produit\/sirop-pieds-dans-le-gave#breadcrumb","itemListElement":[{"@type":"ListItem","position":1,"name":"Accueil","item":"https:\/\/www.ors-na-bruma.fr\/"},{"@type":"ListItem","position":2,"name":"Boutique","item":"https:\/\/www.ors-na-bruma.fr\/boutique"},{"@type":"ListItem","position":3,"name":"Sirop &#8220;Pieds dans le Gave&#8221;"}]},{"@type":"WebSite","@id":"https:\/\/www.ors-na-bruma.fr\/#website","url":"https:\/\/www.ors-na-bruma.fr\/","name":"Ors na Bruma","description":"Ferme &amp; Distellerie en Val d&#039;Azun","publisher":{"@id":"https:\/\/www.ors-na-bruma.fr\/#organization"},"potentialAction":[{"@type":"SearchAction","target":{"@type":"EntryPoint","urlTemplate":"https:\/\/www.ors-na-bruma.fr\/?s={search_term_string}"},"query-input":{"@type":"PropertyValueSpecification","valueRequired":true,"valueName":"search_term_string"}}],"inLanguage":"en-GB"},{"@type":"Organization","@id":"https:\/\/www.ors-na-bruma.fr\/#organization","name":"Ors na Bruma","url":"https:\/\/www.ors-na-bruma.fr\/","logo":{"@type":"ImageObject","inLanguage":"en-GB","@id":"https:\/\/www.ors-na-bruma.fr\/#\/schema\/logo\/image\/","url":"https:\/\/www.ors-na-bruma.fr\/wp-content\/uploads\/2021\/09\/ODB_LOGO_ORANGE_SANSBRUME.png","contentUrl":"https:\/\/www.ors-na-bruma.fr\/wp-content\/uploads\/2021\/09\/ODB_LOGO_ORANGE_SANSBRUME.png","width":2000,"height":2000,"caption":"Ors na Bruma"},"image":{"@id":"https:\/\/www.ors-na-bruma.fr\/#\/schema\/logo\/image\/"}}]}},"_links":{"self":[{"href":"https:\/\/www.ors-na-bruma.fr\/en\/wp-json\/wp\/v2\/product\/12824","targetHints":{"allow":["GET"]}}],"collection":[{"href":"https:\/\/www.ors-na-bruma.fr\/en\/wp-json\/wp\/v2\/product"}],"about":[{"href":"https:\/\/www.ors-na-bruma.fr\/en\/wp-json\/wp\/v2\/types\/product"}],"wp:featuredmedia":[{"embeddable":true,"href":"https:\/\/www.ors-na-bruma.fr\/en\/wp-json\/wp\/v2\/media\/13705"}],"wp:attachment":[{"href":"https:\/\/www.ors-na-bruma.fr\/en\/wp-json\/wp\/v2\/media?parent=12824"}],"wp:term":[{"taxonomy":"product_brand","embeddable":true,"href":"https:\/\/www.ors-na-bruma.fr\/en\/wp-json\/wp\/v2\/product_brand?post=12824"},{"taxonomy":"product_cat","embeddable":true,"href":"https:\/\/www.ors-na-bruma.fr\/en\/wp-json\/wp\/v2\/product_cat?post=12824"},{"taxonomy":"product_tag","embeddable":true,"href":"https:\/\/www.ors-na-bruma.fr\/en\/wp-json\/wp\/v2\/product_tag?post=12824"}],"curies":[{"name":"wp","href":"https:\/\/api.w.org\/{rel}","templated":true}]}}