{"id":11907,"date":"2023-02-05T13:42:26","date_gmt":"2023-02-05T12:42:26","guid":{"rendered":"https:\/\/www.ors-na-bruma.fr\/?post_type=product&#038;p=11907"},"modified":"2025-10-24T11:02:29","modified_gmt":"2025-10-24T09:02:29","slug":"eau-florale-dechinacee-pourpre","status":"publish","type":"product","link":"https:\/\/www.ors-na-bruma.fr\/en\/product\/eau-florale-dechinacee-pourpre","title":{"rendered":"Eau Florale d&#8217;Echinac\u00e9e Pourpre"},"content":{"rendered":"<p><strong>Ingr\u00e9dients<br \/>\n<\/strong>100% Eau florale d&#8217;Echinac\u00e9e Pourpre (Echinacea purpurea) obtenue par distillation des sommit\u00e9s fleuries.<\/p>\n<p><strong>Les produits Ors na Bruma<br \/>\n<\/strong>&#8211; Nos plantes poussent dans un environnement privil\u00e9gi\u00e9 et sain. Elles d\u00e9veloppent leurs ar\u00f4mes forts gr\u00e2ce \u00e0 un ensoleillement exceptionnel, une bonne terre, de l\u2019eau de source et beaucoup d\u2019amour.<br \/>\n&#8211; Nos hydrolats sont distill\u00e9s dans un alambic en cuivre \u00e0 la vapeur de l\u2019eau de la montagne.<br \/>\n&#8211; Un kilo de plantes donne un litre d\u2019hydrolat, pas plus ! Ainsi, nous garantissons un produit riche en ar\u00f4mes et en principes actifs.<\/p>\n<p><strong>Contenance<\/strong><br \/>\nDisponible en 100 ml et 200 ml.<\/p>","protected":false},"excerpt":{"rendered":"<p>Ingr\u00e9dients 100% Eau florale d&#8217;Echinac\u00e9e Pourpre (Echinacea purpurea) obtenue par distillation des sommit\u00e9s fleuries. Les produits Ors na Bruma &#8211; Nos plantes poussent dans un environnement privil\u00e9gi\u00e9 et sain. Elles d\u00e9veloppent leurs ar\u00f4mes forts gr\u00e2ce \u00e0 un ensoleillement exceptionnel, une bonne terre, de l\u2019eau de source et beaucoup d\u2019amour. &#8211; Nos hydrolats sont distill\u00e9s dans [&hellip;]<\/p>\n","protected":false},"featured_media":13951,"template":"","meta":[],"product_brand":[],"product_cat":[23],"product_tag":[],"class_list":{"0":"post-11907","1":"product","2":"type-product","3":"status-publish","4":"has-post-thumbnail","6":"product_cat-hydrolats-eaux-florales","8":"first","9":"instock","10":"taxable","11":"shipping-taxable","12":"purchasable","13":"product-type-variable"},"yoast_head":"<!-- This site is optimized with the Yoast SEO plugin v27.5 - https:\/\/yoast.com\/product\/yoast-seo-wordpress\/ -->\n<title>Eau Florale d&#039;Echinac\u00e9e Pourpre - Ors na Bruma<\/title>\n<meta name=\"description\" content=\"Ingr\u00e9dients : 100% eau florale d&#039;Echinac\u00e9e pourpre (Echinacea purpurea) obtenue par distillation des sommit\u00e9s fleuries. Disponible en 100 ml et 200 ml.\" \/>\n<meta name=\"robots\" content=\"index, follow, max-snippet:-1, max-image-preview:large, max-video-preview:-1\" \/>\n<link rel=\"canonical\" href=\"https:\/\/www.ors-na-bruma.fr\/en\/product\/eau-florale-dechinacee-pourpre\/\" \/>\n<meta property=\"og:locale\" content=\"en_GB\" \/>\n<meta property=\"og:type\" content=\"article\" \/>\n<meta property=\"og:title\" content=\"Eau Florale d&#039;Echinac\u00e9e Pourpre - Ors na Bruma\" \/>\n<meta property=\"og:description\" content=\"Ingr\u00e9dients : 100% eau florale d&#039;Echinac\u00e9e pourpre (Echinacea purpurea) obtenue par distillation des sommit\u00e9s fleuries. Disponible en 100 ml et 200 ml.\" \/>\n<meta property=\"og:url\" content=\"https:\/\/www.ors-na-bruma.fr\/en\/product\/eau-florale-dechinacee-pourpre\/\" \/>\n<meta property=\"og:site_name\" content=\"Ors na Bruma\" \/>\n<meta property=\"article:modified_time\" content=\"2025-10-24T09:02:29+00:00\" \/>\n<meta property=\"og:image\" content=\"https:\/\/www.ors-na-bruma.fr\/wp-content\/uploads\/2025\/10\/Hydrolat-EchinaceePourpre.jpg\" \/>\n\t<meta property=\"og:image:width\" content=\"1200\" \/>\n\t<meta property=\"og:image:height\" content=\"800\" \/>\n\t<meta property=\"og:image:type\" content=\"image\/jpeg\" \/>\n<meta name=\"twitter:card\" content=\"summary_large_image\" \/>\n<meta name=\"twitter:label1\" content=\"Estimated reading time\" \/>\n\t<meta name=\"twitter:data1\" content=\"1 minute\" \/>\n<script type=\"application\/ld+json\" class=\"yoast-schema-graph\">{\"@context\":\"https:\\\/\\\/schema.org\",\"@graph\":[{\"@type\":\"WebPage\",\"@id\":\"https:\\\/\\\/www.ors-na-bruma.fr\\\/produit\\\/eau-florale-dechinacee-pourpre\",\"url\":\"https:\\\/\\\/www.ors-na-bruma.fr\\\/produit\\\/eau-florale-dechinacee-pourpre\",\"name\":\"Eau Florale d'Echinac\u00e9e Pourpre - Ors na Bruma\",\"isPartOf\":{\"@id\":\"https:\\\/\\\/www.ors-na-bruma.fr\\\/#website\"},\"primaryImageOfPage\":{\"@id\":\"https:\\\/\\\/www.ors-na-bruma.fr\\\/produit\\\/eau-florale-dechinacee-pourpre#primaryimage\"},\"image\":{\"@id\":\"https:\\\/\\\/www.ors-na-bruma.fr\\\/produit\\\/eau-florale-dechinacee-pourpre#primaryimage\"},\"thumbnailUrl\":\"https:\\\/\\\/www.ors-na-bruma.fr\\\/wp-content\\\/uploads\\\/2025\\\/10\\\/Hydrolat-EchinaceePourpre.jpg\",\"datePublished\":\"2023-02-05T12:42:26+00:00\",\"dateModified\":\"2025-10-24T09:02:29+00:00\",\"description\":\"Ingr\u00e9dients : 100% eau florale d'Echinac\u00e9e pourpre (Echinacea purpurea) obtenue par distillation des sommit\u00e9s fleuries. Disponible en 100 ml et 200 ml.\",\"breadcrumb\":{\"@id\":\"https:\\\/\\\/www.ors-na-bruma.fr\\\/produit\\\/eau-florale-dechinacee-pourpre#breadcrumb\"},\"inLanguage\":\"en-GB\",\"potentialAction\":[{\"@type\":\"ReadAction\",\"target\":[\"https:\\\/\\\/www.ors-na-bruma.fr\\\/produit\\\/eau-florale-dechinacee-pourpre\"]}]},{\"@type\":\"ImageObject\",\"inLanguage\":\"en-GB\",\"@id\":\"https:\\\/\\\/www.ors-na-bruma.fr\\\/produit\\\/eau-florale-dechinacee-pourpre#primaryimage\",\"url\":\"https:\\\/\\\/www.ors-na-bruma.fr\\\/wp-content\\\/uploads\\\/2025\\\/10\\\/Hydrolat-EchinaceePourpre.jpg\",\"contentUrl\":\"https:\\\/\\\/www.ors-na-bruma.fr\\\/wp-content\\\/uploads\\\/2025\\\/10\\\/Hydrolat-EchinaceePourpre.jpg\",\"width\":1200,\"height\":800,\"caption\":\"Hydrolat EchinaceePourpre\"},{\"@type\":\"BreadcrumbList\",\"@id\":\"https:\\\/\\\/www.ors-na-bruma.fr\\\/produit\\\/eau-florale-dechinacee-pourpre#breadcrumb\",\"itemListElement\":[{\"@type\":\"ListItem\",\"position\":1,\"name\":\"Accueil\",\"item\":\"https:\\\/\\\/www.ors-na-bruma.fr\\\/\"},{\"@type\":\"ListItem\",\"position\":2,\"name\":\"Boutique\",\"item\":\"https:\\\/\\\/www.ors-na-bruma.fr\\\/en\\\/boutique\"},{\"@type\":\"ListItem\",\"position\":3,\"name\":\"Eau Florale d&#8217;Echinac\u00e9e Pourpre\"}]},{\"@type\":\"WebSite\",\"@id\":\"https:\\\/\\\/www.ors-na-bruma.fr\\\/#website\",\"url\":\"https:\\\/\\\/www.ors-na-bruma.fr\\\/\",\"name\":\"Ors na Bruma\",\"description\":\"Ferme &amp; Distellerie en Val d&#039;Azun\",\"publisher\":{\"@id\":\"https:\\\/\\\/www.ors-na-bruma.fr\\\/#organization\"},\"potentialAction\":[{\"@type\":\"SearchAction\",\"target\":{\"@type\":\"EntryPoint\",\"urlTemplate\":\"https:\\\/\\\/www.ors-na-bruma.fr\\\/?s={search_term_string}\"},\"query-input\":{\"@type\":\"PropertyValueSpecification\",\"valueRequired\":true,\"valueName\":\"search_term_string\"}}],\"inLanguage\":\"en-GB\"},{\"@type\":\"Organization\",\"@id\":\"https:\\\/\\\/www.ors-na-bruma.fr\\\/#organization\",\"name\":\"Ors na Bruma\",\"url\":\"https:\\\/\\\/www.ors-na-bruma.fr\\\/\",\"logo\":{\"@type\":\"ImageObject\",\"inLanguage\":\"en-GB\",\"@id\":\"https:\\\/\\\/www.ors-na-bruma.fr\\\/#\\\/schema\\\/logo\\\/image\\\/\",\"url\":\"https:\\\/\\\/www.ors-na-bruma.fr\\\/wp-content\\\/uploads\\\/2021\\\/09\\\/ODB_LOGO_ORANGE_SANSBRUME.png\",\"contentUrl\":\"https:\\\/\\\/www.ors-na-bruma.fr\\\/wp-content\\\/uploads\\\/2021\\\/09\\\/ODB_LOGO_ORANGE_SANSBRUME.png\",\"width\":2000,\"height\":2000,\"caption\":\"Ors na Bruma\"},\"image\":{\"@id\":\"https:\\\/\\\/www.ors-na-bruma.fr\\\/#\\\/schema\\\/logo\\\/image\\\/\"}}]}<\/script>\n<!-- \/ Yoast SEO plugin. -->","yoast_head_json":{"title":"Eau Florale d'Echinac\u00e9e Pourpre - Ors na Bruma","description":"Ingr\u00e9dients : 100% eau florale d'Echinac\u00e9e pourpre (Echinacea purpurea) obtenue par distillation des sommit\u00e9s fleuries. Disponible en 100 ml et 200 ml.","robots":{"index":"index","follow":"follow","max-snippet":"max-snippet:-1","max-image-preview":"max-image-preview:large","max-video-preview":"max-video-preview:-1"},"canonical":"https:\/\/www.ors-na-bruma.fr\/en\/product\/eau-florale-dechinacee-pourpre\/","og_locale":"en_GB","og_type":"article","og_title":"Eau Florale d'Echinac\u00e9e Pourpre - Ors na Bruma","og_description":"Ingr\u00e9dients : 100% eau florale d'Echinac\u00e9e pourpre (Echinacea purpurea) obtenue par distillation des sommit\u00e9s fleuries. Disponible en 100 ml et 200 ml.","og_url":"https:\/\/www.ors-na-bruma.fr\/en\/product\/eau-florale-dechinacee-pourpre\/","og_site_name":"Ors na Bruma","article_modified_time":"2025-10-24T09:02:29+00:00","og_image":[{"width":1200,"height":800,"url":"https:\/\/www.ors-na-bruma.fr\/wp-content\/uploads\/2025\/10\/Hydrolat-EchinaceePourpre.jpg","type":"image\/jpeg"}],"twitter_card":"summary_large_image","twitter_misc":{"Estimated reading time":"1 minute"},"schema":{"@context":"https:\/\/schema.org","@graph":[{"@type":"WebPage","@id":"https:\/\/www.ors-na-bruma.fr\/produit\/eau-florale-dechinacee-pourpre","url":"https:\/\/www.ors-na-bruma.fr\/produit\/eau-florale-dechinacee-pourpre","name":"Eau Florale d'Echinac\u00e9e Pourpre - Ors na Bruma","isPartOf":{"@id":"https:\/\/www.ors-na-bruma.fr\/#website"},"primaryImageOfPage":{"@id":"https:\/\/www.ors-na-bruma.fr\/produit\/eau-florale-dechinacee-pourpre#primaryimage"},"image":{"@id":"https:\/\/www.ors-na-bruma.fr\/produit\/eau-florale-dechinacee-pourpre#primaryimage"},"thumbnailUrl":"https:\/\/www.ors-na-bruma.fr\/wp-content\/uploads\/2025\/10\/Hydrolat-EchinaceePourpre.jpg","datePublished":"2023-02-05T12:42:26+00:00","dateModified":"2025-10-24T09:02:29+00:00","description":"Ingr\u00e9dients : 100% eau florale d'Echinac\u00e9e pourpre (Echinacea purpurea) obtenue par distillation des sommit\u00e9s fleuries. Disponible en 100 ml et 200 ml.","breadcrumb":{"@id":"https:\/\/www.ors-na-bruma.fr\/produit\/eau-florale-dechinacee-pourpre#breadcrumb"},"inLanguage":"en-GB","potentialAction":[{"@type":"ReadAction","target":["https:\/\/www.ors-na-bruma.fr\/produit\/eau-florale-dechinacee-pourpre"]}]},{"@type":"ImageObject","inLanguage":"en-GB","@id":"https:\/\/www.ors-na-bruma.fr\/produit\/eau-florale-dechinacee-pourpre#primaryimage","url":"https:\/\/www.ors-na-bruma.fr\/wp-content\/uploads\/2025\/10\/Hydrolat-EchinaceePourpre.jpg","contentUrl":"https:\/\/www.ors-na-bruma.fr\/wp-content\/uploads\/2025\/10\/Hydrolat-EchinaceePourpre.jpg","width":1200,"height":800,"caption":"Hydrolat EchinaceePourpre"},{"@type":"BreadcrumbList","@id":"https:\/\/www.ors-na-bruma.fr\/produit\/eau-florale-dechinacee-pourpre#breadcrumb","itemListElement":[{"@type":"ListItem","position":1,"name":"Accueil","item":"https:\/\/www.ors-na-bruma.fr\/"},{"@type":"ListItem","position":2,"name":"Boutique","item":"https:\/\/www.ors-na-bruma.fr\/en\/boutique"},{"@type":"ListItem","position":3,"name":"Eau Florale d&#8217;Echinac\u00e9e Pourpre"}]},{"@type":"WebSite","@id":"https:\/\/www.ors-na-bruma.fr\/#website","url":"https:\/\/www.ors-na-bruma.fr\/","name":"Ors na Bruma","description":"Ferme &amp; Distellerie en Val d&#039;Azun","publisher":{"@id":"https:\/\/www.ors-na-bruma.fr\/#organization"},"potentialAction":[{"@type":"SearchAction","target":{"@type":"EntryPoint","urlTemplate":"https:\/\/www.ors-na-bruma.fr\/?s={search_term_string}"},"query-input":{"@type":"PropertyValueSpecification","valueRequired":true,"valueName":"search_term_string"}}],"inLanguage":"en-GB"},{"@type":"Organization","@id":"https:\/\/www.ors-na-bruma.fr\/#organization","name":"Ors na Bruma","url":"https:\/\/www.ors-na-bruma.fr\/","logo":{"@type":"ImageObject","inLanguage":"en-GB","@id":"https:\/\/www.ors-na-bruma.fr\/#\/schema\/logo\/image\/","url":"https:\/\/www.ors-na-bruma.fr\/wp-content\/uploads\/2021\/09\/ODB_LOGO_ORANGE_SANSBRUME.png","contentUrl":"https:\/\/www.ors-na-bruma.fr\/wp-content\/uploads\/2021\/09\/ODB_LOGO_ORANGE_SANSBRUME.png","width":2000,"height":2000,"caption":"Ors na Bruma"},"image":{"@id":"https:\/\/www.ors-na-bruma.fr\/#\/schema\/logo\/image\/"}}]}},"_links":{"self":[{"href":"https:\/\/www.ors-na-bruma.fr\/en\/wp-json\/wp\/v2\/product\/11907","targetHints":{"allow":["GET"]}}],"collection":[{"href":"https:\/\/www.ors-na-bruma.fr\/en\/wp-json\/wp\/v2\/product"}],"about":[{"href":"https:\/\/www.ors-na-bruma.fr\/en\/wp-json\/wp\/v2\/types\/product"}],"wp:featuredmedia":[{"embeddable":true,"href":"https:\/\/www.ors-na-bruma.fr\/en\/wp-json\/wp\/v2\/media\/13951"}],"wp:attachment":[{"href":"https:\/\/www.ors-na-bruma.fr\/en\/wp-json\/wp\/v2\/media?parent=11907"}],"wp:term":[{"taxonomy":"product_brand","embeddable":true,"href":"https:\/\/www.ors-na-bruma.fr\/en\/wp-json\/wp\/v2\/product_brand?post=11907"},{"taxonomy":"product_cat","embeddable":true,"href":"https:\/\/www.ors-na-bruma.fr\/en\/wp-json\/wp\/v2\/product_cat?post=11907"},{"taxonomy":"product_tag","embeddable":true,"href":"https:\/\/www.ors-na-bruma.fr\/en\/wp-json\/wp\/v2\/product_tag?post=11907"}],"curies":[{"name":"wp","href":"https:\/\/api.w.org\/{rel}","templated":true}]}}