{"id":10536,"date":"2023-01-10T16:58:13","date_gmt":"2023-01-10T15:58:13","guid":{"rendered":"https:\/\/www.ors-na-bruma.fr\/?post_type=product&#038;p=10536"},"modified":"2026-04-24T12:17:25","modified_gmt":"2026-04-24T10:17:25","slug":"pastis-du-val-dazun","status":"publish","type":"product","link":"https:\/\/www.ors-na-bruma.fr\/en\/product\/pastis-du-val-dazun","title":{"rendered":"Pastis du Val d&#8217;Azun (45% alc.)"},"content":{"rendered":"<p><strong>Le seul et l\u2019unique pastis du Val d\u2019Azun pour rafra\u00eechir vos soir\u00e9es d\u2019\u00e9t\u00e9 !<\/strong><br \/>\nNous associons le parfum anis\u00e9 de l\u2019Agastache (Agastache foeniculum) et du Fenouil (Foeniculum vulgare) \u00e0 la saveur puissante du Romarin (Salvia Rosmarinus) pour vous offrir un pastis au go\u00fbt de nos montagnes.<\/p>\n<p><strong>Ingr\u00e9dients<\/strong><br \/>\nAlcool, eau, sucre, hydrolat de romarin (Salvia Rosmarinus) distill\u00e9 \u00e0 la ferme, anis \u00e9toil\u00e9, fenouil (Foeniculum vulgare), agastache (Agastache Foeniculum), r\u00e9glisse, cannelle.<\/p>\n<p><strong>M\u00e9daill\u00e9 d&#8217;Or au Concours International de Lyon 2025 !<\/strong><\/p>\n<p><strong>Contenance<\/strong><br \/>\nDisponible en 20 cl et 50 cl.<\/p>\n<p>Non labellis\u00e9 Esprit Parc (l&#8217;anis \u00e9toil\u00e9, ingr\u00e9dient principal de la recette, n&#8217;\u00e9tant pas produit sur la ferme).<\/p>","protected":false},"excerpt":{"rendered":"<p>This is a simple product.<\/p>","protected":false},"featured_media":13849,"template":"","meta":[],"product_brand":[],"product_cat":[19],"product_tag":[],"class_list":{"0":"post-10536","1":"product","2":"type-product","3":"status-publish","4":"has-post-thumbnail","6":"product_cat-liqueurs-aperitifs-digestifs","8":"first","9":"instock","10":"taxable","11":"shipping-taxable","12":"purchasable","13":"product-type-variable"},"yoast_head":"<!-- This site is optimized with the Yoast SEO plugin v27.5 - https:\/\/yoast.com\/product\/yoast-seo-wordpress\/ -->\n<title>Pastis du Val d&#039;Azun (45% alc.) - Ors na Bruma<\/title>\n<meta name=\"description\" content=\"Le seul et l\u2019unique pastis du Val d\u2019Azun pour rafra\u00eechir vos soir\u00e9es d\u2019\u00e9t\u00e9 !Nous associons le parfum anis\u00e9 de l\u2019Agastache (Agastache foeniculum) \u00e0 la saveur puissante du Romarin (Salvia Rosmarinus) pour vous offrir un pastis au go\u00fbt de nos montagnes.\" \/>\n<meta name=\"robots\" content=\"index, follow, max-snippet:-1, max-image-preview:large, max-video-preview:-1\" \/>\n<link rel=\"canonical\" href=\"https:\/\/www.ors-na-bruma.fr\/en\/product\/pastis-du-val-dazun\/\" \/>\n<meta property=\"og:locale\" content=\"en_GB\" \/>\n<meta property=\"og:type\" content=\"article\" \/>\n<meta property=\"og:title\" content=\"Pastis du Val d&#039;Azun (45% alc.) - Ors na Bruma\" \/>\n<meta property=\"og:description\" content=\"Le seul et l\u2019unique pastis du Val d\u2019Azun pour rafra\u00eechir vos soir\u00e9es d\u2019\u00e9t\u00e9 !Nous associons le parfum anis\u00e9 de l\u2019Agastache (Agastache foeniculum) \u00e0 la saveur puissante du Romarin (Salvia Rosmarinus) pour vous offrir un pastis au go\u00fbt de nos montagnes.\" \/>\n<meta property=\"og:url\" content=\"https:\/\/www.ors-na-bruma.fr\/en\/product\/pastis-du-val-dazun\/\" \/>\n<meta property=\"og:site_name\" content=\"Ors na Bruma\" \/>\n<meta property=\"article:modified_time\" content=\"2026-04-24T10:17:25+00:00\" \/>\n<meta property=\"og:image\" content=\"https:\/\/www.ors-na-bruma.fr\/wp-content\/uploads\/2025\/10\/01-Pastis-MES.jpg\" \/>\n\t<meta property=\"og:image:width\" content=\"1200\" \/>\n\t<meta property=\"og:image:height\" content=\"800\" \/>\n\t<meta property=\"og:image:type\" content=\"image\/jpeg\" \/>\n<meta name=\"twitter:card\" content=\"summary_large_image\" \/>\n<meta name=\"twitter:label1\" content=\"Estimated reading time\" \/>\n\t<meta name=\"twitter:data1\" content=\"1 minute\" \/>\n<script type=\"application\/ld+json\" class=\"yoast-schema-graph\">{\"@context\":\"https:\\\/\\\/schema.org\",\"@graph\":[{\"@type\":\"WebPage\",\"@id\":\"https:\\\/\\\/www.ors-na-bruma.fr\\\/produit\\\/pastis-du-val-dazun\",\"url\":\"https:\\\/\\\/www.ors-na-bruma.fr\\\/produit\\\/pastis-du-val-dazun\",\"name\":\"Pastis du Val d'Azun (45% alc.) - Ors na Bruma\",\"isPartOf\":{\"@id\":\"https:\\\/\\\/www.ors-na-bruma.fr\\\/#website\"},\"primaryImageOfPage\":{\"@id\":\"https:\\\/\\\/www.ors-na-bruma.fr\\\/produit\\\/pastis-du-val-dazun#primaryimage\"},\"image\":{\"@id\":\"https:\\\/\\\/www.ors-na-bruma.fr\\\/produit\\\/pastis-du-val-dazun#primaryimage\"},\"thumbnailUrl\":\"https:\\\/\\\/www.ors-na-bruma.fr\\\/wp-content\\\/uploads\\\/2025\\\/10\\\/01-Pastis-MES.jpg\",\"datePublished\":\"2023-01-10T15:58:13+00:00\",\"dateModified\":\"2026-04-24T10:17:25+00:00\",\"description\":\"Le seul et l\u2019unique pastis du Val d\u2019Azun pour rafra\u00eechir vos soir\u00e9es d\u2019\u00e9t\u00e9 !Nous associons le parfum anis\u00e9 de l\u2019Agastache (Agastache foeniculum) \u00e0 la saveur puissante du Romarin (Salvia Rosmarinus) pour vous offrir un pastis au go\u00fbt de nos montagnes.\",\"breadcrumb\":{\"@id\":\"https:\\\/\\\/www.ors-na-bruma.fr\\\/produit\\\/pastis-du-val-dazun#breadcrumb\"},\"inLanguage\":\"en-GB\",\"potentialAction\":[{\"@type\":\"ReadAction\",\"target\":[\"https:\\\/\\\/www.ors-na-bruma.fr\\\/produit\\\/pastis-du-val-dazun\"]}]},{\"@type\":\"ImageObject\",\"inLanguage\":\"en-GB\",\"@id\":\"https:\\\/\\\/www.ors-na-bruma.fr\\\/produit\\\/pastis-du-val-dazun#primaryimage\",\"url\":\"https:\\\/\\\/www.ors-na-bruma.fr\\\/wp-content\\\/uploads\\\/2025\\\/10\\\/01-Pastis-MES.jpg\",\"contentUrl\":\"https:\\\/\\\/www.ors-na-bruma.fr\\\/wp-content\\\/uploads\\\/2025\\\/10\\\/01-Pastis-MES.jpg\",\"width\":1200,\"height\":800,\"caption\":\"01 Pastis MES\"},{\"@type\":\"BreadcrumbList\",\"@id\":\"https:\\\/\\\/www.ors-na-bruma.fr\\\/produit\\\/pastis-du-val-dazun#breadcrumb\",\"itemListElement\":[{\"@type\":\"ListItem\",\"position\":1,\"name\":\"Accueil\",\"item\":\"https:\\\/\\\/www.ors-na-bruma.fr\\\/\"},{\"@type\":\"ListItem\",\"position\":2,\"name\":\"Boutique\",\"item\":\"https:\\\/\\\/www.ors-na-bruma.fr\\\/en\\\/boutique\"},{\"@type\":\"ListItem\",\"position\":3,\"name\":\"Pastis du Val d&#8217;Azun (45% alc.)\"}]},{\"@type\":\"WebSite\",\"@id\":\"https:\\\/\\\/www.ors-na-bruma.fr\\\/#website\",\"url\":\"https:\\\/\\\/www.ors-na-bruma.fr\\\/\",\"name\":\"Ors na Bruma\",\"description\":\"Ferme &amp; Distellerie en Val d&#039;Azun\",\"publisher\":{\"@id\":\"https:\\\/\\\/www.ors-na-bruma.fr\\\/#organization\"},\"potentialAction\":[{\"@type\":\"SearchAction\",\"target\":{\"@type\":\"EntryPoint\",\"urlTemplate\":\"https:\\\/\\\/www.ors-na-bruma.fr\\\/?s={search_term_string}\"},\"query-input\":{\"@type\":\"PropertyValueSpecification\",\"valueRequired\":true,\"valueName\":\"search_term_string\"}}],\"inLanguage\":\"en-GB\"},{\"@type\":\"Organization\",\"@id\":\"https:\\\/\\\/www.ors-na-bruma.fr\\\/#organization\",\"name\":\"Ors na Bruma\",\"url\":\"https:\\\/\\\/www.ors-na-bruma.fr\\\/\",\"logo\":{\"@type\":\"ImageObject\",\"inLanguage\":\"en-GB\",\"@id\":\"https:\\\/\\\/www.ors-na-bruma.fr\\\/#\\\/schema\\\/logo\\\/image\\\/\",\"url\":\"https:\\\/\\\/www.ors-na-bruma.fr\\\/wp-content\\\/uploads\\\/2021\\\/09\\\/ODB_LOGO_ORANGE_SANSBRUME.png\",\"contentUrl\":\"https:\\\/\\\/www.ors-na-bruma.fr\\\/wp-content\\\/uploads\\\/2021\\\/09\\\/ODB_LOGO_ORANGE_SANSBRUME.png\",\"width\":2000,\"height\":2000,\"caption\":\"Ors na Bruma\"},\"image\":{\"@id\":\"https:\\\/\\\/www.ors-na-bruma.fr\\\/#\\\/schema\\\/logo\\\/image\\\/\"}}]}<\/script>\n<!-- \/ Yoast SEO plugin. -->","yoast_head_json":{"title":"Pastis du Val d'Azun (45% alc.) - Ors na Bruma","description":"Le seul et l\u2019unique pastis du Val d\u2019Azun pour rafra\u00eechir vos soir\u00e9es d\u2019\u00e9t\u00e9 !Nous associons le parfum anis\u00e9 de l\u2019Agastache (Agastache foeniculum) \u00e0 la saveur puissante du Romarin (Salvia Rosmarinus) pour vous offrir un pastis au go\u00fbt de nos montagnes.","robots":{"index":"index","follow":"follow","max-snippet":"max-snippet:-1","max-image-preview":"max-image-preview:large","max-video-preview":"max-video-preview:-1"},"canonical":"https:\/\/www.ors-na-bruma.fr\/en\/product\/pastis-du-val-dazun\/","og_locale":"en_GB","og_type":"article","og_title":"Pastis du Val d'Azun (45% alc.) - Ors na Bruma","og_description":"Le seul et l\u2019unique pastis du Val d\u2019Azun pour rafra\u00eechir vos soir\u00e9es d\u2019\u00e9t\u00e9 !Nous associons le parfum anis\u00e9 de l\u2019Agastache (Agastache foeniculum) \u00e0 la saveur puissante du Romarin (Salvia Rosmarinus) pour vous offrir un pastis au go\u00fbt de nos montagnes.","og_url":"https:\/\/www.ors-na-bruma.fr\/en\/product\/pastis-du-val-dazun\/","og_site_name":"Ors na Bruma","article_modified_time":"2026-04-24T10:17:25+00:00","og_image":[{"width":1200,"height":800,"url":"https:\/\/www.ors-na-bruma.fr\/wp-content\/uploads\/2025\/10\/01-Pastis-MES.jpg","type":"image\/jpeg"}],"twitter_card":"summary_large_image","twitter_misc":{"Estimated reading time":"1 minute"},"schema":{"@context":"https:\/\/schema.org","@graph":[{"@type":"WebPage","@id":"https:\/\/www.ors-na-bruma.fr\/produit\/pastis-du-val-dazun","url":"https:\/\/www.ors-na-bruma.fr\/produit\/pastis-du-val-dazun","name":"Pastis du Val d'Azun (45% alc.) - Ors na Bruma","isPartOf":{"@id":"https:\/\/www.ors-na-bruma.fr\/#website"},"primaryImageOfPage":{"@id":"https:\/\/www.ors-na-bruma.fr\/produit\/pastis-du-val-dazun#primaryimage"},"image":{"@id":"https:\/\/www.ors-na-bruma.fr\/produit\/pastis-du-val-dazun#primaryimage"},"thumbnailUrl":"https:\/\/www.ors-na-bruma.fr\/wp-content\/uploads\/2025\/10\/01-Pastis-MES.jpg","datePublished":"2023-01-10T15:58:13+00:00","dateModified":"2026-04-24T10:17:25+00:00","description":"Le seul et l\u2019unique pastis du Val d\u2019Azun pour rafra\u00eechir vos soir\u00e9es d\u2019\u00e9t\u00e9 !Nous associons le parfum anis\u00e9 de l\u2019Agastache (Agastache foeniculum) \u00e0 la saveur puissante du Romarin (Salvia Rosmarinus) pour vous offrir un pastis au go\u00fbt de nos montagnes.","breadcrumb":{"@id":"https:\/\/www.ors-na-bruma.fr\/produit\/pastis-du-val-dazun#breadcrumb"},"inLanguage":"en-GB","potentialAction":[{"@type":"ReadAction","target":["https:\/\/www.ors-na-bruma.fr\/produit\/pastis-du-val-dazun"]}]},{"@type":"ImageObject","inLanguage":"en-GB","@id":"https:\/\/www.ors-na-bruma.fr\/produit\/pastis-du-val-dazun#primaryimage","url":"https:\/\/www.ors-na-bruma.fr\/wp-content\/uploads\/2025\/10\/01-Pastis-MES.jpg","contentUrl":"https:\/\/www.ors-na-bruma.fr\/wp-content\/uploads\/2025\/10\/01-Pastis-MES.jpg","width":1200,"height":800,"caption":"01 Pastis MES"},{"@type":"BreadcrumbList","@id":"https:\/\/www.ors-na-bruma.fr\/produit\/pastis-du-val-dazun#breadcrumb","itemListElement":[{"@type":"ListItem","position":1,"name":"Accueil","item":"https:\/\/www.ors-na-bruma.fr\/"},{"@type":"ListItem","position":2,"name":"Boutique","item":"https:\/\/www.ors-na-bruma.fr\/en\/boutique"},{"@type":"ListItem","position":3,"name":"Pastis du Val d&#8217;Azun (45% alc.)"}]},{"@type":"WebSite","@id":"https:\/\/www.ors-na-bruma.fr\/#website","url":"https:\/\/www.ors-na-bruma.fr\/","name":"Ors na Bruma","description":"Ferme &amp; Distellerie en Val d&#039;Azun","publisher":{"@id":"https:\/\/www.ors-na-bruma.fr\/#organization"},"potentialAction":[{"@type":"SearchAction","target":{"@type":"EntryPoint","urlTemplate":"https:\/\/www.ors-na-bruma.fr\/?s={search_term_string}"},"query-input":{"@type":"PropertyValueSpecification","valueRequired":true,"valueName":"search_term_string"}}],"inLanguage":"en-GB"},{"@type":"Organization","@id":"https:\/\/www.ors-na-bruma.fr\/#organization","name":"Ors na Bruma","url":"https:\/\/www.ors-na-bruma.fr\/","logo":{"@type":"ImageObject","inLanguage":"en-GB","@id":"https:\/\/www.ors-na-bruma.fr\/#\/schema\/logo\/image\/","url":"https:\/\/www.ors-na-bruma.fr\/wp-content\/uploads\/2021\/09\/ODB_LOGO_ORANGE_SANSBRUME.png","contentUrl":"https:\/\/www.ors-na-bruma.fr\/wp-content\/uploads\/2021\/09\/ODB_LOGO_ORANGE_SANSBRUME.png","width":2000,"height":2000,"caption":"Ors na Bruma"},"image":{"@id":"https:\/\/www.ors-na-bruma.fr\/#\/schema\/logo\/image\/"}}]}},"_links":{"self":[{"href":"https:\/\/www.ors-na-bruma.fr\/en\/wp-json\/wp\/v2\/product\/10536","targetHints":{"allow":["GET"]}}],"collection":[{"href":"https:\/\/www.ors-na-bruma.fr\/en\/wp-json\/wp\/v2\/product"}],"about":[{"href":"https:\/\/www.ors-na-bruma.fr\/en\/wp-json\/wp\/v2\/types\/product"}],"wp:featuredmedia":[{"embeddable":true,"href":"https:\/\/www.ors-na-bruma.fr\/en\/wp-json\/wp\/v2\/media\/13849"}],"wp:attachment":[{"href":"https:\/\/www.ors-na-bruma.fr\/en\/wp-json\/wp\/v2\/media?parent=10536"}],"wp:term":[{"taxonomy":"product_brand","embeddable":true,"href":"https:\/\/www.ors-na-bruma.fr\/en\/wp-json\/wp\/v2\/product_brand?post=10536"},{"taxonomy":"product_cat","embeddable":true,"href":"https:\/\/www.ors-na-bruma.fr\/en\/wp-json\/wp\/v2\/product_cat?post=10536"},{"taxonomy":"product_tag","embeddable":true,"href":"https:\/\/www.ors-na-bruma.fr\/en\/wp-json\/wp\/v2\/product_tag?post=10536"}],"curies":[{"name":"wp","href":"https:\/\/api.w.org\/{rel}","templated":true}]}}