{"id":35,"date":"2021-06-08T16:19:51","date_gmt":"2021-06-08T14:19:51","guid":{"rendered":"https:\/\/www.ors-na-bruma.fr\/?page_id=35"},"modified":"2026-04-06T17:41:58","modified_gmt":"2026-04-06T15:41:58","slug":"dernieres-actualites","status":"publish","type":"page","link":"https:\/\/www.ors-na-bruma.fr\/en\/dernieres-actualites","title":{"rendered":"Actualit\u00e9s"},"content":{"rendered":"<div class=\"brz-root__container brz-reset-all\">\n<section id=\"zprnrflithyxbyoxdpjxwjmjiasirccmdrfp\" class=\"brz-section brz-css-qSUXe brz-css-pfpDl\">\n<div class=\"brz-section__content brz-section--boxed brz-css-wXohR brz-css-s3FKC\" data-brz-custom-id=\"ydhpnchdpeoysvllqorlcneujmfnmcwajdla\">\n<div class=\"brz-bg\">\n<div class=\"brz-bg-image\"><\/div>\n<div class=\"brz-bg-color\"><\/div>\n<\/div>\n<div class=\"brz-container brz-css-jsNF4\">\n<div id class=\"brz-css-oh9UQ brz-css-hYMSO brz-css-slHKV brz-wrapper\">\n<div class=\"brz-spacer brz-css-tPe1s brz-css-miCS2\"><\/div>\n<\/div>\n<div id class=\"brz-css-oh9UQ brz-wrapper\">\n<div class=\"brz-rich-text brz-rich-text__custom brz-css-qEwkg\" data-brz-custom-id=\"msexaqqeltrspmanuxqrblqutndxscutusuo\">\n<div data-brz-translate-text=\"1\">\n<h1 class=\"brz-tp-heading1 brz-text-lg-right brz-css-wnZ3x\"><strong class=\"brz-cp-color8\">Actualit&eacute;s<\/strong><\/h1>\n<\/div>\n<\/div>\n<\/div>\n<div id class=\"brz-css-oh9UQ brz-wrapper\">\n<div class=\"brz-rich-text brz-rich-text__custom brz-css-qEwkg\" data-brz-custom-id=\"qlgrbwjsksmooqyhdqgsdyhtxujyuljamrnl\">\n<div data-brz-translate-text=\"1\">\n<h2 class=\"brz-fw-xs-300 brz-fw-sm-300 brz-fw-lg-300 brz-ft-google brz-ff-comfortaa brz-ls-xs-0 brz-ls-sm-0 brz-ls-lg-m_1 brz-fs-xs-22 brz-fs-sm-27 brz-fs-lg-32 brz-lh-xs-1_3 brz-lh-sm-1_3 brz-lh-lg-1_3 brz-text-lg-right brz-css-zYnA6\" data-uniq-id=\"atuci\" data-generated-css=\"brz-css-tvkxh\"><span class=\"brz-cp-color8\">Ors na Bruma<\/span><\/h2>\n<\/div>\n<\/div>\n<\/div>\n<div id class=\"brz-css-oh9UQ brz-css-hYMSO brz-css-t3gl9 brz-wrapper\">\n<div class=\"brz-spacer brz-css-tPe1s brz-css-ojcLq\"><\/div>\n<\/div>\n<div id class=\"brz-css-oh9UQ brz-css-hYMSO brz-css-zUfCb brz-wrapper\">\n<div class=\"brz-spacer brz-css-tPe1s brz-css-pufv4\"><\/div>\n<\/div>\n<\/div>\n<\/div>\n<\/section>\n<section id=\"kwgpxcjkcyjgcamfxgdpmzkfgxhvltiniyta\" class=\"brz-section brz-css-qSUXe\">\n<div class=\"brz-section__content brz-section--boxed brz-css-wXohR\" data-brz-custom-id=\"lnlewwtseifisnqggidittasmdnsozkvkeeq\">\n<div class=\"brz-container brz-css-jsNF4\">\n<div id class=\"brz-css-oh9UQ brz-css-vwdUE brz-wrapper\">\n<div class=\"brz-posts brz-css-dWYsI brz-css-vzIot\" data-brz-custom-id=\"hgvlrovjwylxcclbikhhdrdoihmfoaqmrvbn\">\n<div class=\"brz-posts__wrapper\">\n<div class=\"brz-posts__item\">\n<div class=\"brz-columns brz-css-lFUlb brz-css-qrhqs brz-css-xdh8P\" data-brz-custom-id=\"fhymujverixilfuzlmsjimuevtaezpcxaqqm\">\n<div class=\"brz-bg\"><\/div>\n<div class=\"brz-column__items brz-css-tU1uO brz-css-vcWQn\">\n<div id class=\"brz-css-oh9UQ brz-wrapper\">\n<div class=\"brz-image brz-css-mqJXE brz-css-lLi9P\" data-brz-custom-id=\"kqnwwpexloijobtrizhxobkyepweiuugkbuz\"><img decoding=\"async\" class=\"brz-img\" src=\"%7B%7Bplaceholder%20content='e3ticml6eV9kY19pbWdfZmVhdHVyZWRfaW1hZ2V9fQ=='%20cH='390'%20cW='520'%7D%7D\" alt=\"\" loading=\"lazy\"><\/div>\n<\/div>\n<div id class=\"brz-css-oh9UQ brz-wrapper\">\n<div class=\"brz-wp-title brz-css-ynxqe brz-css-zVyf3 brz-css-qY118\" data-brz-custom-id=\"nkxmuvpbmvixyijqyscsnkknajepqwsdrazd\"><span class=\"brz-wp-title-content\" style=\"min-height:20px\"><\/span><\/div>\n<\/div>\n<div id class=\"brz-css-oh9UQ brz-wrapper\">\n<div class=\"brz-wp__postinfo brz-wp__postinfo__disabled-author brz-wp__postinfo__disabled-time brz-wp__postinfo__disabled-comments brz-css-ijBga\" data-brz-custom-id=\"hhcetuhsvgolifltfvkmxakypzbaqtkjjqbv\">\n<div style=\"min-height:20px\"><\/div>\n<\/div>\n<\/div>\n<div class=\"brz-wrapper-clone brz-css-hLC1t\">\n<div class=\"brz-d-xs-flex brz-flex-xs-wrap brz-css-tpQBr\" data-brz-custom-id>\n<div class=\"brz-wrapper-clone__item\" id=\"gmcrmjtiklmuxugcxxypsnrlletcazwdhquh\"><a class=\"brz-a brz-btn brz-css-g4Ivh brz-css-okcyS brz-css-iova2\" href=\"\/en\/%7B%7Bplaceholder%20content='e3ticml6eV9kY191cmxfcG9zdH19'%7D%7D\/\" target=\"_self\" rel=\"noopener\" data-brz-link-type=\"external\" data-brz-custom-id=\"gmcrmjtiklmuxugcxxypsnrlletcazwdhquh\"><span data-brz-translate-text=\"1\" class=\"brz-span brz-text__editor\">LIRE L&#8217;ARTICLE<\/span><\/a><\/div>\n<\/div>\n<\/div>\n<\/div>\n<\/div>\n<\/div>\n<\/div>\n<\/div>\n<\/div>\n<\/div>\n<\/div>\n<\/section>\n<section id=\"gmhjypxnqrxuxnulzkiqlsclfaqyoclojexz\" class=\"brz-section brz-css-qSUXe\">\n<div class=\"brz-section__content brz-section--boxed brz-css-wXohR brz-css-sy8w3\" data-brz-custom-id=\"kobpfdihdvrlhxqgvxastoocaecyeqdmcczw\">\n<div class=\"brz-bg\">\n<div class=\"brz-bg-color\"><\/div>\n<\/div>\n<div class=\"brz-container brz-css-jsNF4\">\n<div id data-brz-iteration-count=\"1\" class=\"brz-css-oh9UQ brz-wrapper brz-animated brz-css-tOdLI brz-css-iN2og\" data-animationid=\"munzqgpzgjlkgbvutgtapwssmqdmlsggtvus\">\n<div class=\"brz-rich-text brz-rich-text__custom brz-css-qEwkg\" data-brz-custom-id=\"dcohudzxkdsklsawtiepvwsjdbojowbhhtpj\">\n<div data-brz-translate-text=\"1\">\n<h2 class=\"brz-fw-xs-300 brz-fw-sm-300 brz-ls-xs-0 brz-ls-sm-0 brz-lh-xs-1_6 brz-lh-sm-1_6 brz-text-lg-center brz-fs-sm-12 brz-fs-xs-12 brz-ff-comfortaa brz-ft-google brz-fs-lg-14 brz-fss-lg-px brz-fw-lg-300 brz-ls-lg-0 brz-lh-lg-1_7 brz-tp-lg-empty brz-css-bVdsO\" data-generated-css=\"brz-css-frfdr\" data-uniq-id=\"rucwl\"><span class=\"brz-cp-color8\">Copyright &copy; 2023 Ors na Bruma \/ <\/span><a class=\"link--external brz-cp-color8\" href=\"https:\/\/www.leweboskop.fr\/\" data-brz-link-type=\"external\" target=\"_blank\">Site Web r&eacute;alis&eacute; avec passion par LeWeboskop<\/a><\/h2>\n<\/div>\n<\/div>\n<\/div>\n<\/div>\n<\/div>\n<\/section>\n<\/div>\n<p><!-- version:1757740494 --><\/p>","protected":false},"excerpt":{"rendered":"<p>Actualit&eacute;s Ors na Bruma LIRE L&#8217;ARTICLE Copyright &copy; 2023 Ors na Bruma \/ Site Web r&eacute;alis&eacute; avec passion par LeWeboskop<\/p>","protected":false},"author":1,"featured_media":2371,"parent":0,"menu_order":6,"comment_status":"closed","ping_status":"closed","template":"brizy-blank-template.php","meta":{"footnotes":""},"class_list":["post-35","page","type-page","status-publish","has-post-thumbnail","hentry"],"blocksy_meta":{"styles_descriptor":{"styles":{"desktop":"","tablet":"","mobile":""},"google_fonts":[],"version":6}},"yoast_head":"<!-- This site is optimized with the Yoast SEO plugin v27.5 - https:\/\/yoast.com\/product\/yoast-seo-wordpress\/ -->\n<title>Actualit\u00e9s - Ors na Bruma<\/title>\n<meta name=\"description\" content=\"Toutes les derni\u00e8res actualit\u00e9s d&#039;Ors na Bruma, Ferme &amp; Distillerie en Val d&#039;Azun \u00e0 Aucun dans les Hautes-Pyr\u00e9n\u00e9es (65).\" \/>\n<meta name=\"robots\" content=\"index, follow, max-snippet:-1, max-image-preview:large, max-video-preview:-1\" \/>\n<link rel=\"canonical\" href=\"https:\/\/www.ors-na-bruma.fr\/en\/dernieres-actualites\/\" \/>\n<meta property=\"og:locale\" content=\"en_GB\" \/>\n<meta property=\"og:type\" content=\"article\" \/>\n<meta property=\"og:title\" content=\"Actualit\u00e9s - Ors na Bruma\" \/>\n<meta property=\"og:description\" content=\"Toutes les derni\u00e8res actualit\u00e9s d&#039;Ors na Bruma, Ferme &amp; Distillerie en Val d&#039;Azun \u00e0 Aucun dans les Hautes-Pyr\u00e9n\u00e9es (65).\" \/>\n<meta property=\"og:url\" content=\"https:\/\/www.ors-na-bruma.fr\/en\/dernieres-actualites\/\" \/>\n<meta property=\"og:site_name\" content=\"Ors na Bruma\" \/>\n<meta property=\"article:modified_time\" content=\"2026-04-06T15:41:58+00:00\" \/>\n<meta property=\"og:image\" content=\"https:\/\/www.ors-na-bruma.fr\/wp-content\/uploads\/2021\/06\/Ferme-Ors-Na-Bruma-ok.jpg\" \/>\n\t<meta property=\"og:image:width\" content=\"1754\" \/>\n\t<meta property=\"og:image:height\" content=\"1084\" \/>\n\t<meta property=\"og:image:type\" content=\"image\/jpeg\" \/>\n<meta name=\"twitter:card\" content=\"summary_large_image\" \/>\n<meta name=\"twitter:label1\" content=\"Estimated reading time\" \/>\n\t<meta name=\"twitter:data1\" content=\"1 minute\" \/>\n<script type=\"application\/ld+json\" class=\"yoast-schema-graph\">{\"@context\":\"https:\\\/\\\/schema.org\",\"@graph\":[{\"@type\":\"WebPage\",\"@id\":\"https:\\\/\\\/www.ors-na-bruma.fr\\\/dernieres-actualites\",\"url\":\"https:\\\/\\\/www.ors-na-bruma.fr\\\/dernieres-actualites\",\"name\":\"Actualit\u00e9s - Ors na Bruma\",\"isPartOf\":{\"@id\":\"https:\\\/\\\/www.ors-na-bruma.fr\\\/#website\"},\"primaryImageOfPage\":{\"@id\":\"https:\\\/\\\/www.ors-na-bruma.fr\\\/dernieres-actualites#primaryimage\"},\"image\":{\"@id\":\"https:\\\/\\\/www.ors-na-bruma.fr\\\/dernieres-actualites#primaryimage\"},\"thumbnailUrl\":\"https:\\\/\\\/www.ors-na-bruma.fr\\\/wp-content\\\/uploads\\\/2021\\\/06\\\/Ferme-Ors-Na-Bruma-ok.jpg\",\"datePublished\":\"2021-06-08T14:19:51+00:00\",\"dateModified\":\"2026-04-06T15:41:58+00:00\",\"description\":\"Toutes les derni\u00e8res actualit\u00e9s d'Ors na Bruma, Ferme & Distillerie en Val d'Azun \u00e0 Aucun dans les Hautes-Pyr\u00e9n\u00e9es (65).\",\"breadcrumb\":{\"@id\":\"https:\\\/\\\/www.ors-na-bruma.fr\\\/dernieres-actualites#breadcrumb\"},\"inLanguage\":\"en-GB\",\"potentialAction\":[{\"@type\":\"ReadAction\",\"target\":[\"https:\\\/\\\/www.ors-na-bruma.fr\\\/dernieres-actualites\"]}]},{\"@type\":\"ImageObject\",\"inLanguage\":\"en-GB\",\"@id\":\"https:\\\/\\\/www.ors-na-bruma.fr\\\/dernieres-actualites#primaryimage\",\"url\":\"https:\\\/\\\/www.ors-na-bruma.fr\\\/wp-content\\\/uploads\\\/2021\\\/06\\\/Ferme-Ors-Na-Bruma-ok.jpg\",\"contentUrl\":\"https:\\\/\\\/www.ors-na-bruma.fr\\\/wp-content\\\/uploads\\\/2021\\\/06\\\/Ferme-Ors-Na-Bruma-ok.jpg\",\"width\":1754,\"height\":1084,\"caption\":\"Ferme Ors Na Bruma ok\"},{\"@type\":\"BreadcrumbList\",\"@id\":\"https:\\\/\\\/www.ors-na-bruma.fr\\\/dernieres-actualites#breadcrumb\",\"itemListElement\":[{\"@type\":\"ListItem\",\"position\":1,\"name\":\"Accueil\",\"item\":\"https:\\\/\\\/www.ors-na-bruma.fr\\\/\"},{\"@type\":\"ListItem\",\"position\":2,\"name\":\"Actualit\u00e9s\"}]},{\"@type\":\"WebSite\",\"@id\":\"https:\\\/\\\/www.ors-na-bruma.fr\\\/#website\",\"url\":\"https:\\\/\\\/www.ors-na-bruma.fr\\\/\",\"name\":\"Ors na Bruma\",\"description\":\"Ferme &amp; Distellerie en Val d&#039;Azun\",\"publisher\":{\"@id\":\"https:\\\/\\\/www.ors-na-bruma.fr\\\/#organization\"},\"potentialAction\":[{\"@type\":\"SearchAction\",\"target\":{\"@type\":\"EntryPoint\",\"urlTemplate\":\"https:\\\/\\\/www.ors-na-bruma.fr\\\/?s={search_term_string}\"},\"query-input\":{\"@type\":\"PropertyValueSpecification\",\"valueRequired\":true,\"valueName\":\"search_term_string\"}}],\"inLanguage\":\"en-GB\"},{\"@type\":\"Organization\",\"@id\":\"https:\\\/\\\/www.ors-na-bruma.fr\\\/#organization\",\"name\":\"Ors na Bruma\",\"url\":\"https:\\\/\\\/www.ors-na-bruma.fr\\\/\",\"logo\":{\"@type\":\"ImageObject\",\"inLanguage\":\"en-GB\",\"@id\":\"https:\\\/\\\/www.ors-na-bruma.fr\\\/#\\\/schema\\\/logo\\\/image\\\/\",\"url\":\"https:\\\/\\\/www.ors-na-bruma.fr\\\/wp-content\\\/uploads\\\/2021\\\/09\\\/ODB_LOGO_ORANGE_SANSBRUME.png\",\"contentUrl\":\"https:\\\/\\\/www.ors-na-bruma.fr\\\/wp-content\\\/uploads\\\/2021\\\/09\\\/ODB_LOGO_ORANGE_SANSBRUME.png\",\"width\":2000,\"height\":2000,\"caption\":\"Ors na Bruma\"},\"image\":{\"@id\":\"https:\\\/\\\/www.ors-na-bruma.fr\\\/#\\\/schema\\\/logo\\\/image\\\/\"}}]}<\/script>\n<!-- \/ Yoast SEO plugin. -->","yoast_head_json":{"title":"Actualit\u00e9s - Ors na Bruma","description":"Toutes les derni\u00e8res actualit\u00e9s d'Ors na Bruma, Ferme & Distillerie en Val d'Azun \u00e0 Aucun dans les Hautes-Pyr\u00e9n\u00e9es (65).","robots":{"index":"index","follow":"follow","max-snippet":"max-snippet:-1","max-image-preview":"max-image-preview:large","max-video-preview":"max-video-preview:-1"},"canonical":"https:\/\/www.ors-na-bruma.fr\/en\/dernieres-actualites\/","og_locale":"en_GB","og_type":"article","og_title":"Actualit\u00e9s - Ors na Bruma","og_description":"Toutes les derni\u00e8res actualit\u00e9s d'Ors na Bruma, Ferme & Distillerie en Val d'Azun \u00e0 Aucun dans les Hautes-Pyr\u00e9n\u00e9es (65).","og_url":"https:\/\/www.ors-na-bruma.fr\/en\/dernieres-actualites\/","og_site_name":"Ors na Bruma","article_modified_time":"2026-04-06T15:41:58+00:00","og_image":[{"width":1754,"height":1084,"url":"https:\/\/www.ors-na-bruma.fr\/wp-content\/uploads\/2021\/06\/Ferme-Ors-Na-Bruma-ok.jpg","type":"image\/jpeg"}],"twitter_card":"summary_large_image","twitter_misc":{"Estimated reading time":"1 minute"},"schema":{"@context":"https:\/\/schema.org","@graph":[{"@type":"WebPage","@id":"https:\/\/www.ors-na-bruma.fr\/dernieres-actualites","url":"https:\/\/www.ors-na-bruma.fr\/dernieres-actualites","name":"Actualit\u00e9s - Ors na Bruma","isPartOf":{"@id":"https:\/\/www.ors-na-bruma.fr\/#website"},"primaryImageOfPage":{"@id":"https:\/\/www.ors-na-bruma.fr\/dernieres-actualites#primaryimage"},"image":{"@id":"https:\/\/www.ors-na-bruma.fr\/dernieres-actualites#primaryimage"},"thumbnailUrl":"https:\/\/www.ors-na-bruma.fr\/wp-content\/uploads\/2021\/06\/Ferme-Ors-Na-Bruma-ok.jpg","datePublished":"2021-06-08T14:19:51+00:00","dateModified":"2026-04-06T15:41:58+00:00","description":"Toutes les derni\u00e8res actualit\u00e9s d'Ors na Bruma, Ferme & Distillerie en Val d'Azun \u00e0 Aucun dans les Hautes-Pyr\u00e9n\u00e9es (65).","breadcrumb":{"@id":"https:\/\/www.ors-na-bruma.fr\/dernieres-actualites#breadcrumb"},"inLanguage":"en-GB","potentialAction":[{"@type":"ReadAction","target":["https:\/\/www.ors-na-bruma.fr\/dernieres-actualites"]}]},{"@type":"ImageObject","inLanguage":"en-GB","@id":"https:\/\/www.ors-na-bruma.fr\/dernieres-actualites#primaryimage","url":"https:\/\/www.ors-na-bruma.fr\/wp-content\/uploads\/2021\/06\/Ferme-Ors-Na-Bruma-ok.jpg","contentUrl":"https:\/\/www.ors-na-bruma.fr\/wp-content\/uploads\/2021\/06\/Ferme-Ors-Na-Bruma-ok.jpg","width":1754,"height":1084,"caption":"Ferme Ors Na Bruma ok"},{"@type":"BreadcrumbList","@id":"https:\/\/www.ors-na-bruma.fr\/dernieres-actualites#breadcrumb","itemListElement":[{"@type":"ListItem","position":1,"name":"Accueil","item":"https:\/\/www.ors-na-bruma.fr\/"},{"@type":"ListItem","position":2,"name":"Actualit\u00e9s"}]},{"@type":"WebSite","@id":"https:\/\/www.ors-na-bruma.fr\/#website","url":"https:\/\/www.ors-na-bruma.fr\/","name":"Ors na Bruma","description":"Ferme &amp; Distellerie en Val d&#039;Azun","publisher":{"@id":"https:\/\/www.ors-na-bruma.fr\/#organization"},"potentialAction":[{"@type":"SearchAction","target":{"@type":"EntryPoint","urlTemplate":"https:\/\/www.ors-na-bruma.fr\/?s={search_term_string}"},"query-input":{"@type":"PropertyValueSpecification","valueRequired":true,"valueName":"search_term_string"}}],"inLanguage":"en-GB"},{"@type":"Organization","@id":"https:\/\/www.ors-na-bruma.fr\/#organization","name":"Ors na Bruma","url":"https:\/\/www.ors-na-bruma.fr\/","logo":{"@type":"ImageObject","inLanguage":"en-GB","@id":"https:\/\/www.ors-na-bruma.fr\/#\/schema\/logo\/image\/","url":"https:\/\/www.ors-na-bruma.fr\/wp-content\/uploads\/2021\/09\/ODB_LOGO_ORANGE_SANSBRUME.png","contentUrl":"https:\/\/www.ors-na-bruma.fr\/wp-content\/uploads\/2021\/09\/ODB_LOGO_ORANGE_SANSBRUME.png","width":2000,"height":2000,"caption":"Ors na Bruma"},"image":{"@id":"https:\/\/www.ors-na-bruma.fr\/#\/schema\/logo\/image\/"}}]}},"brizy_media":[{"id":2371,"url":"https:\/\/www.ors-na-bruma.fr\/wp-content\/uploads\/2021\/06\/Ferme-Ors-Na-Bruma-ok.jpg","name":"Ferme-Ors-Na-Bruma-ok.jpg","meta":{"brizy_attachment_uid":"wp-09da86f56a9673b0c7c05b2d20e803f2.jpg","brizy_post_uid":["390036e57cb4b8d3d8b0507011f4d357","5e80949110586d94de6bbdc7c581fad7","09ef76cc6a4b073c921ab78c7d189adf","ddebe5c7053c4cd64e2230640193b3ca","24a8ad7d9d010ca11ece533bbc1ee906"]}},{"id":2777,"url":"https:\/\/www.ors-na-bruma.fr\/wp-content\/uploads\/2021\/06\/Ferme-Ors-Na-Bruma1.jpg","name":"Ferme-Ors-Na-Bruma1.jpg","meta":{"brizy_attachment_uid":"wp-caeeb9b7619fa37305ce098d9452cf20.jpg","brizy_post_uid":["390036e57cb4b8d3d8b0507011f4d357","65a568d2af29a84b27b16fe475680f09","5e80949110586d94de6bbdc7c581fad7","24a8ad7d9d010ca11ece533bbc1ee906"]}},{"id":8190,"url":"https:\/\/www.ors-na-bruma.fr\/wp-content\/uploads\/2022\/03\/Actualites-Ors-na-Bruma.webp","name":"Actualites-Ors-na-Bruma.webp","meta":{"brizy_attachment_uid":"wp-df79026cd8b8306cd1e8ad04246d98c8.webp","brizy_post_uid":["24a8ad7d9d010ca11ece533bbc1ee906","390036e57cb4b8d3d8b0507011f4d357"]}},{"id":12310,"url":"https:\/\/www.ors-na-bruma.fr\/wp-content\/uploads\/2024\/04\/medal_2024_1-e1712512709359.png","name":"medal_2024_1.png","meta":{"brizy_attachment_uid":"wp-a428b028d39d4eb8495abc8ae9bea30e.png","brizy_post_uid":["390036e57cb4b8d3d8b0507011f4d357","727932ff21aeb50b8de467aff0066b19","24a8ad7d9d010ca11ece533bbc1ee906","09ef76cc6a4b073c921ab78c7d189adf"]}}],"_links":{"self":[{"href":"https:\/\/www.ors-na-bruma.fr\/en\/wp-json\/wp\/v2\/pages\/35","targetHints":{"allow":["GET"]}}],"collection":[{"href":"https:\/\/www.ors-na-bruma.fr\/en\/wp-json\/wp\/v2\/pages"}],"about":[{"href":"https:\/\/www.ors-na-bruma.fr\/en\/wp-json\/wp\/v2\/types\/page"}],"author":[{"embeddable":true,"href":"https:\/\/www.ors-na-bruma.fr\/en\/wp-json\/wp\/v2\/users\/1"}],"replies":[{"embeddable":true,"href":"https:\/\/www.ors-na-bruma.fr\/en\/wp-json\/wp\/v2\/comments?post=35"}],"version-history":[{"count":30,"href":"https:\/\/www.ors-na-bruma.fr\/en\/wp-json\/wp\/v2\/pages\/35\/revisions"}],"predecessor-version":[{"id":12575,"href":"https:\/\/www.ors-na-bruma.fr\/en\/wp-json\/wp\/v2\/pages\/35\/revisions\/12575"}],"wp:featuredmedia":[{"embeddable":true,"href":"https:\/\/www.ors-na-bruma.fr\/en\/wp-json\/wp\/v2\/media\/2371"}],"wp:attachment":[{"href":"https:\/\/www.ors-na-bruma.fr\/en\/wp-json\/wp\/v2\/media?parent=35"}],"curies":[{"name":"wp","href":"https:\/\/api.w.org\/{rel}","templated":true}]}}